{"id":1156,"date":"2020-03-19T12:00:52","date_gmt":"2020-03-19T11:00:52","guid":{"rendered":"https:\/\/www.poplineboutique.be\/shop\/?post_type=product&#038;p=1156"},"modified":"2026-04-21T15:43:16","modified_gmt":"2026-04-21T13:43:16","slug":"vernis-2-en-1-base-top-coat","status":"publish","type":"product","link":"https:\/\/www.poplineboutique.be\/shop\/produit\/vernis-2-en-1-base-top-coat\/","title":{"rendered":"Vernis 2 en 1 base + top coat Avril"},"content":{"rendered":"<ul>\n<li>En\u00a0<strong>base coat<\/strong>, ce produit 2 en 1 prot\u00e8ge l&rsquo;ongle du vernis<\/li>\n<li>En\u00a0<strong>top coat<\/strong>, il apporte brillance et longue tenue au vernis<\/li>\n<li>Formul\u00e9 sans camphre<\/li>\n<li>Formul\u00e9 sans colophane<\/li>\n<li>Formul\u00e9 sans benzoph\u00e9none 1<\/li>\n<li>82% d&rsquo;ingr\u00e9dients d&rsquo;origine naturelle<\/li>\n<li>Produit vegan<\/li>\n<li>Fabriqu\u00e9 en France<\/li>\n<li>7 ml<\/li>\n<\/ul>\n","protected":false},"excerpt":{"rendered":"<p>Ce <strong>Vernis 2 en 1 base + top coat Avril<\/strong>\u00a0est absolument incontournable pour une manucure r\u00e9ussie. Il peut \u00eatre utilis\u00e9 en\u00a0<strong>base coat<\/strong>, il prot\u00e8ge alors l&rsquo;ongle du vernis. En\u00a0<strong>top coat<\/strong>, il va donner de la profondeur et de la brillance \u00e0 la couleur tout en am\u00e9liorant la tenue.<\/p>\n","protected":false},"featured_media":14664,"template":"","meta":{"_monsterinsights_skip_tracking":false,"_monsterinsights_sitenote_active":false,"_monsterinsights_sitenote_note":"","_monsterinsights_sitenote_category":0},"pwb-brand":[701],"product_brand":[],"product_cat":[366],"product_tag":[],"class_list":{"0":"post-1156","1":"product","2":"type-product","3":"status-publish","4":"has-post-thumbnail","6":"pwb-brand-avril","7":"product_cat-maquillage","9":"first","10":"instock","11":"taxable","12":"shipping-taxable","13":"purchasable","14":"product-type-simple"},"yoast_head":"<!-- This site is optimized with the Yoast SEO plugin v25.6 - https:\/\/yoast.com\/wordpress\/plugins\/seo\/ -->\n<title>Vernis 2 en 1 base + top coat Avril - Pop&#039;line<\/title>\n<meta name=\"robots\" content=\"index, follow, max-snippet:-1, max-image-preview:large, max-video-preview:-1\" \/>\n<link rel=\"canonical\" href=\"https:\/\/www.poplineboutique.be\/shop\/produit\/vernis-2-en-1-base-top-coat\/\" \/>\n<meta property=\"og:locale\" content=\"fr_FR\" \/>\n<meta property=\"og:type\" content=\"article\" \/>\n<meta property=\"og:title\" content=\"Vernis 2 en 1 base + top coat Avril - Pop&#039;line\" \/>\n<meta property=\"og:description\" content=\"Ce Vernis 2 en 1 base + top coat Avril\u00a0est absolument incontournable pour une manucure r\u00e9ussie. Il peut \u00eatre utilis\u00e9 en\u00a0base coat, il prot\u00e8ge alors l&#039;ongle du vernis. En\u00a0top coat, il va donner de la profondeur et de la brillance \u00e0 la couleur tout en am\u00e9liorant la tenue.\" \/>\n<meta property=\"og:url\" content=\"https:\/\/www.poplineboutique.be\/shop\/produit\/vernis-2-en-1-base-top-coat\/\" \/>\n<meta property=\"og:site_name\" content=\"Pop&#039;line\" \/>\n<meta property=\"article:publisher\" content=\"https:\/\/www.facebook.com\/boutiquepopline\/\" \/>\n<meta property=\"article:modified_time\" content=\"2026-04-21T13:43:16+00:00\" \/>\n<meta property=\"og:image\" content=\"https:\/\/www.poplineboutique.be\/shop\/wp-content\/uploads\/2020\/03\/Vernis-Avril-Base-Top-Coat.jpg?wsr\" \/>\n\t<meta property=\"og:image:width\" content=\"1000\" \/>\n\t<meta property=\"og:image:height\" content=\"1000\" \/>\n\t<meta property=\"og:image:type\" content=\"image\/jpeg\" \/>\n<meta name=\"twitter:card\" content=\"summary_large_image\" \/>\n<meta name=\"twitter:label1\" content=\"Dur\u00e9e de lecture estim\u00e9e\" \/>\n\t<meta name=\"twitter:data1\" content=\"1 minute\" \/>\n<script type=\"application\/ld+json\" class=\"yoast-schema-graph\">{\"@context\":\"https:\/\/schema.org\",\"@graph\":[{\"@type\":\"WebPage\",\"@id\":\"https:\/\/www.poplineboutique.be\/shop\/produit\/vernis-2-en-1-base-top-coat\/\",\"url\":\"https:\/\/www.poplineboutique.be\/shop\/produit\/vernis-2-en-1-base-top-coat\/\",\"name\":\"Vernis 2 en 1 base + top coat Avril - Pop&#039;line\",\"isPartOf\":{\"@id\":\"https:\/\/www.poplineboutique.be\/shop\/#website\"},\"primaryImageOfPage\":{\"@id\":\"https:\/\/www.poplineboutique.be\/shop\/produit\/vernis-2-en-1-base-top-coat\/#primaryimage\"},\"image\":{\"@id\":\"https:\/\/www.poplineboutique.be\/shop\/produit\/vernis-2-en-1-base-top-coat\/#primaryimage\"},\"thumbnailUrl\":\"https:\/\/www.poplineboutique.be\/shop\/wp-content\/uploads\/2020\/03\/Vernis-Avril-Base-Top-Coat.jpg?wsr\",\"datePublished\":\"2020-03-19T11:00:52+00:00\",\"dateModified\":\"2026-04-21T13:43:16+00:00\",\"breadcrumb\":{\"@id\":\"https:\/\/www.poplineboutique.be\/shop\/produit\/vernis-2-en-1-base-top-coat\/#breadcrumb\"},\"inLanguage\":\"fr-FR\",\"potentialAction\":[{\"@type\":\"ReadAction\",\"target\":[\"https:\/\/www.poplineboutique.be\/shop\/produit\/vernis-2-en-1-base-top-coat\/\"]}]},{\"@type\":\"ImageObject\",\"inLanguage\":\"fr-FR\",\"@id\":\"https:\/\/www.poplineboutique.be\/shop\/produit\/vernis-2-en-1-base-top-coat\/#primaryimage\",\"url\":\"https:\/\/www.poplineboutique.be\/shop\/wp-content\/uploads\/2020\/03\/Vernis-Avril-Base-Top-Coat.jpg?wsr\",\"contentUrl\":\"https:\/\/www.poplineboutique.be\/shop\/wp-content\/uploads\/2020\/03\/Vernis-Avril-Base-Top-Coat.jpg?wsr\",\"width\":1000,\"height\":1000},{\"@type\":\"BreadcrumbList\",\"@id\":\"https:\/\/www.poplineboutique.be\/shop\/produit\/vernis-2-en-1-base-top-coat\/#breadcrumb\",\"itemListElement\":[{\"@type\":\"ListItem\",\"position\":1,\"name\":\"Accueil\",\"item\":\"https:\/\/www.poplineboutique.be\/shop\/\"},{\"@type\":\"ListItem\",\"position\":2,\"name\":\"Boutique\",\"item\":\"https:\/\/www.poplineboutique.be\/shop\/boutique\/\"},{\"@type\":\"ListItem\",\"position\":3,\"name\":\"Vernis 2 en 1 base + top coat Avril\"}]},{\"@type\":\"WebSite\",\"@id\":\"https:\/\/www.poplineboutique.be\/shop\/#website\",\"url\":\"https:\/\/www.poplineboutique.be\/shop\/\",\"name\":\"Pop&#039;line\",\"description\":\"Boutique de produits naturels et \u00e9co-responsables\",\"publisher\":{\"@id\":\"https:\/\/www.poplineboutique.be\/shop\/#organization\"},\"potentialAction\":[{\"@type\":\"SearchAction\",\"target\":{\"@type\":\"EntryPoint\",\"urlTemplate\":\"https:\/\/www.poplineboutique.be\/shop\/?s={search_term_string}\"},\"query-input\":{\"@type\":\"PropertyValueSpecification\",\"valueRequired\":true,\"valueName\":\"search_term_string\"}}],\"inLanguage\":\"fr-FR\"},{\"@type\":\"Organization\",\"@id\":\"https:\/\/www.poplineboutique.be\/shop\/#organization\",\"name\":\"POP'LINE\",\"url\":\"https:\/\/www.poplineboutique.be\/shop\/\",\"logo\":{\"@type\":\"ImageObject\",\"inLanguage\":\"fr-FR\",\"@id\":\"https:\/\/www.poplineboutique.be\/shop\/#\/schema\/logo\/image\/\",\"url\":\"https:\/\/www.poplineboutique.be\/shop\/wp-content\/uploads\/2021\/08\/Popline_NaturalShop.png?wsr\",\"contentUrl\":\"https:\/\/www.poplineboutique.be\/shop\/wp-content\/uploads\/2021\/08\/Popline_NaturalShop.png?wsr\",\"width\":1080,\"height\":924,\"caption\":\"POP'LINE\"},\"image\":{\"@id\":\"https:\/\/www.poplineboutique.be\/shop\/#\/schema\/logo\/image\/\"},\"sameAs\":[\"https:\/\/www.facebook.com\/boutiquepopline\/\",\"https:\/\/instagram.com\/boutiquepopline\",\"https:\/\/www.pinterest.com\/boutiquepopline\"]}]}<\/script>\n<!-- \/ Yoast SEO plugin. -->","yoast_head_json":{"title":"Vernis 2 en 1 base + top coat Avril - Pop&#039;line","robots":{"index":"index","follow":"follow","max-snippet":"max-snippet:-1","max-image-preview":"max-image-preview:large","max-video-preview":"max-video-preview:-1"},"canonical":"https:\/\/www.poplineboutique.be\/shop\/produit\/vernis-2-en-1-base-top-coat\/","og_locale":"fr_FR","og_type":"article","og_title":"Vernis 2 en 1 base + top coat Avril - Pop&#039;line","og_description":"Ce Vernis 2 en 1 base + top coat Avril\u00a0est absolument incontournable pour une manucure r\u00e9ussie. Il peut \u00eatre utilis\u00e9 en\u00a0base coat, il prot\u00e8ge alors l'ongle du vernis. En\u00a0top coat, il va donner de la profondeur et de la brillance \u00e0 la couleur tout en am\u00e9liorant la tenue.","og_url":"https:\/\/www.poplineboutique.be\/shop\/produit\/vernis-2-en-1-base-top-coat\/","og_site_name":"Pop&#039;line","article_publisher":"https:\/\/www.facebook.com\/boutiquepopline\/","article_modified_time":"2026-04-21T13:43:16+00:00","og_image":[{"width":1000,"height":1000,"url":"https:\/\/www.poplineboutique.be\/shop\/wp-content\/uploads\/2020\/03\/Vernis-Avril-Base-Top-Coat.jpg?wsr","type":"image\/jpeg"}],"twitter_card":"summary_large_image","twitter_misc":{"Dur\u00e9e de lecture estim\u00e9e":"1 minute"},"schema":{"@context":"https:\/\/schema.org","@graph":[{"@type":"WebPage","@id":"https:\/\/www.poplineboutique.be\/shop\/produit\/vernis-2-en-1-base-top-coat\/","url":"https:\/\/www.poplineboutique.be\/shop\/produit\/vernis-2-en-1-base-top-coat\/","name":"Vernis 2 en 1 base + top coat Avril - Pop&#039;line","isPartOf":{"@id":"https:\/\/www.poplineboutique.be\/shop\/#website"},"primaryImageOfPage":{"@id":"https:\/\/www.poplineboutique.be\/shop\/produit\/vernis-2-en-1-base-top-coat\/#primaryimage"},"image":{"@id":"https:\/\/www.poplineboutique.be\/shop\/produit\/vernis-2-en-1-base-top-coat\/#primaryimage"},"thumbnailUrl":"https:\/\/www.poplineboutique.be\/shop\/wp-content\/uploads\/2020\/03\/Vernis-Avril-Base-Top-Coat.jpg?wsr","datePublished":"2020-03-19T11:00:52+00:00","dateModified":"2026-04-21T13:43:16+00:00","breadcrumb":{"@id":"https:\/\/www.poplineboutique.be\/shop\/produit\/vernis-2-en-1-base-top-coat\/#breadcrumb"},"inLanguage":"fr-FR","potentialAction":[{"@type":"ReadAction","target":["https:\/\/www.poplineboutique.be\/shop\/produit\/vernis-2-en-1-base-top-coat\/"]}]},{"@type":"ImageObject","inLanguage":"fr-FR","@id":"https:\/\/www.poplineboutique.be\/shop\/produit\/vernis-2-en-1-base-top-coat\/#primaryimage","url":"https:\/\/www.poplineboutique.be\/shop\/wp-content\/uploads\/2020\/03\/Vernis-Avril-Base-Top-Coat.jpg?wsr","contentUrl":"https:\/\/www.poplineboutique.be\/shop\/wp-content\/uploads\/2020\/03\/Vernis-Avril-Base-Top-Coat.jpg?wsr","width":1000,"height":1000},{"@type":"BreadcrumbList","@id":"https:\/\/www.poplineboutique.be\/shop\/produit\/vernis-2-en-1-base-top-coat\/#breadcrumb","itemListElement":[{"@type":"ListItem","position":1,"name":"Accueil","item":"https:\/\/www.poplineboutique.be\/shop\/"},{"@type":"ListItem","position":2,"name":"Boutique","item":"https:\/\/www.poplineboutique.be\/shop\/boutique\/"},{"@type":"ListItem","position":3,"name":"Vernis 2 en 1 base + top coat Avril"}]},{"@type":"WebSite","@id":"https:\/\/www.poplineboutique.be\/shop\/#website","url":"https:\/\/www.poplineboutique.be\/shop\/","name":"Pop&#039;line","description":"Boutique de produits naturels et \u00e9co-responsables","publisher":{"@id":"https:\/\/www.poplineboutique.be\/shop\/#organization"},"potentialAction":[{"@type":"SearchAction","target":{"@type":"EntryPoint","urlTemplate":"https:\/\/www.poplineboutique.be\/shop\/?s={search_term_string}"},"query-input":{"@type":"PropertyValueSpecification","valueRequired":true,"valueName":"search_term_string"}}],"inLanguage":"fr-FR"},{"@type":"Organization","@id":"https:\/\/www.poplineboutique.be\/shop\/#organization","name":"POP'LINE","url":"https:\/\/www.poplineboutique.be\/shop\/","logo":{"@type":"ImageObject","inLanguage":"fr-FR","@id":"https:\/\/www.poplineboutique.be\/shop\/#\/schema\/logo\/image\/","url":"https:\/\/www.poplineboutique.be\/shop\/wp-content\/uploads\/2021\/08\/Popline_NaturalShop.png?wsr","contentUrl":"https:\/\/www.poplineboutique.be\/shop\/wp-content\/uploads\/2021\/08\/Popline_NaturalShop.png?wsr","width":1080,"height":924,"caption":"POP'LINE"},"image":{"@id":"https:\/\/www.poplineboutique.be\/shop\/#\/schema\/logo\/image\/"},"sameAs":["https:\/\/www.facebook.com\/boutiquepopline\/","https:\/\/instagram.com\/boutiquepopline","https:\/\/www.pinterest.com\/boutiquepopline"]}]}},"jetpack_sharing_enabled":true,"brands":[{"id":701,"name":"Avril","slug":"avril"}],"_links":{"self":[{"href":"https:\/\/www.poplineboutique.be\/shop\/wp-json\/wp\/v2\/product\/1156"}],"collection":[{"href":"https:\/\/www.poplineboutique.be\/shop\/wp-json\/wp\/v2\/product"}],"about":[{"href":"https:\/\/www.poplineboutique.be\/shop\/wp-json\/wp\/v2\/types\/product"}],"version-history":[{"count":5,"href":"https:\/\/www.poplineboutique.be\/shop\/wp-json\/wp\/v2\/product\/1156\/revisions"}],"predecessor-version":[{"id":19541,"href":"https:\/\/www.poplineboutique.be\/shop\/wp-json\/wp\/v2\/product\/1156\/revisions\/19541"}],"wp:featuredmedia":[{"embeddable":true,"href":"https:\/\/www.poplineboutique.be\/shop\/wp-json\/wp\/v2\/media\/14664"}],"wp:attachment":[{"href":"https:\/\/www.poplineboutique.be\/shop\/wp-json\/wp\/v2\/media?parent=1156"}],"wp:term":[{"taxonomy":"pwb-brand","embeddable":true,"href":"https:\/\/www.poplineboutique.be\/shop\/wp-json\/wp\/v2\/pwb-brand?post=1156"},{"taxonomy":"product_brand","embeddable":true,"href":"https:\/\/www.poplineboutique.be\/shop\/wp-json\/wp\/v2\/product_brand?post=1156"},{"taxonomy":"product_cat","embeddable":true,"href":"https:\/\/www.poplineboutique.be\/shop\/wp-json\/wp\/v2\/product_cat?post=1156"},{"taxonomy":"product_tag","embeddable":true,"href":"https:\/\/www.poplineboutique.be\/shop\/wp-json\/wp\/v2\/product_tag?post=1156"}],"curies":[{"name":"wp","href":"https:\/\/api.w.org\/{rel}","templated":true}]}}