{"id":14355,"date":"2021-07-07T15:21:11","date_gmt":"2021-07-07T13:21:11","guid":{"rendered":"https:\/\/www.poplineboutique.be\/shop\/?post_type=product&#038;p=14355"},"modified":"2026-04-17T14:35:13","modified_gmt":"2026-04-17T12:35:13","slug":"crayon-rouge-a-levres","status":"publish","type":"product","link":"https:\/\/www.poplineboutique.be\/shop\/produit\/crayon-rouge-a-levres\/","title":{"rendered":"Crayon rouge \u00e0 l\u00e8vres bio Avril"},"content":{"rendered":"<ul>\n<li>Fini satin\u00e9<\/li>\n<li>A l\u2019huile de graine de ricin bio<\/li>\n<li>A la cire d\u2019abeille bio<\/li>\n<li>Diam\u00e8tre crayon : 10,6 mm<\/li>\n<li>Certifi\u00e9 bio par\u00a0Bureau Veritas<\/li>\n<li>Fabriqu\u00e9 en France<\/li>\n<li>2g<\/li>\n<\/ul>\n","protected":false},"excerpt":{"rendered":"<p>Pratique et \u00e9colo, le\u00a0<strong>crayon rouge \u00e0 l\u00e8vres certifi\u00e9 bio Avril,<\/strong>\u00a0enrichi en huile de graine de ricin bio, ne va plus quitter votre trousse \u00e0 maquillage\u00a0!<\/p>\n","protected":false},"featured_media":14361,"template":"","meta":{"_monsterinsights_skip_tracking":false,"_monsterinsights_sitenote_active":false,"_monsterinsights_sitenote_note":"","_monsterinsights_sitenote_category":0},"pwb-brand":[701],"product_brand":[],"product_cat":[366],"product_tag":[],"class_list":{"0":"post-14355","1":"product","2":"type-product","3":"status-publish","4":"has-post-thumbnail","6":"pwb-brand-avril","7":"product_cat-maquillage","8":"pa_teinte-sable-rose","9":"pa_teinte-rose-delicat","10":"pa_teinte-opale-rose","11":"pa_teinte-goyave","12":"pa_teinte-camelia-rose","13":"pa_teinte-chataigne","14":"pa_teinte-violine","15":"pa_teinte-vrai-rouge","17":"first","18":"instock","19":"taxable","20":"shipping-taxable","21":"purchasable","22":"product-type-variable"},"yoast_head":"<!-- This site is optimized with the Yoast SEO plugin v25.6 - https:\/\/yoast.com\/wordpress\/plugins\/seo\/ -->\n<title>Crayon rouge \u00e0 l\u00e8vres bio Avril - Pop&#039;line<\/title>\n<meta name=\"robots\" content=\"index, follow, max-snippet:-1, max-image-preview:large, max-video-preview:-1\" \/>\n<link rel=\"canonical\" href=\"https:\/\/www.poplineboutique.be\/shop\/produit\/crayon-rouge-a-levres\/\" \/>\n<meta property=\"og:locale\" content=\"fr_FR\" \/>\n<meta property=\"og:type\" content=\"article\" \/>\n<meta property=\"og:title\" content=\"Crayon rouge \u00e0 l\u00e8vres bio Avril - Pop&#039;line\" \/>\n<meta property=\"og:description\" content=\"Pratique et \u00e9colo, le\u00a0crayon rouge \u00e0 l\u00e8vres certifi\u00e9 bio Avril,\u00a0enrichi en huile de graine de ricin bio, ne va plus quitter votre trousse \u00e0 maquillage\u00a0!\" \/>\n<meta property=\"og:url\" content=\"https:\/\/www.poplineboutique.be\/shop\/produit\/crayon-rouge-a-levres\/\" \/>\n<meta property=\"og:site_name\" content=\"Pop&#039;line\" \/>\n<meta property=\"article:publisher\" content=\"https:\/\/www.facebook.com\/boutiquepopline\/\" \/>\n<meta property=\"article:modified_time\" content=\"2026-04-17T12:35:13+00:00\" \/>\n<meta property=\"og:image\" content=\"https:\/\/www.poplineboutique.be\/shop\/wp-content\/uploads\/2021\/07\/Crayon-rouge-a-levres-Camelia-Rose.jpg?wsr\" \/>\n\t<meta property=\"og:image:width\" content=\"800\" \/>\n\t<meta property=\"og:image:height\" content=\"800\" \/>\n\t<meta property=\"og:image:type\" content=\"image\/jpeg\" \/>\n<meta name=\"twitter:card\" content=\"summary_large_image\" \/>\n<meta name=\"twitter:label1\" content=\"Dur\u00e9e de lecture estim\u00e9e\" \/>\n\t<meta name=\"twitter:data1\" content=\"1 minute\" \/>\n<script type=\"application\/ld+json\" class=\"yoast-schema-graph\">{\"@context\":\"https:\/\/schema.org\",\"@graph\":[{\"@type\":\"WebPage\",\"@id\":\"https:\/\/www.poplineboutique.be\/shop\/produit\/crayon-rouge-a-levres\/\",\"url\":\"https:\/\/www.poplineboutique.be\/shop\/produit\/crayon-rouge-a-levres\/\",\"name\":\"Crayon rouge \u00e0 l\u00e8vres bio Avril - Pop&#039;line\",\"isPartOf\":{\"@id\":\"https:\/\/www.poplineboutique.be\/shop\/#website\"},\"primaryImageOfPage\":{\"@id\":\"https:\/\/www.poplineboutique.be\/shop\/produit\/crayon-rouge-a-levres\/#primaryimage\"},\"image\":{\"@id\":\"https:\/\/www.poplineboutique.be\/shop\/produit\/crayon-rouge-a-levres\/#primaryimage\"},\"thumbnailUrl\":\"https:\/\/www.poplineboutique.be\/shop\/wp-content\/uploads\/2021\/07\/Crayon-rouge-a-levres-Camelia-Rose.jpg?wsr\",\"datePublished\":\"2021-07-07T13:21:11+00:00\",\"dateModified\":\"2026-04-17T12:35:13+00:00\",\"breadcrumb\":{\"@id\":\"https:\/\/www.poplineboutique.be\/shop\/produit\/crayon-rouge-a-levres\/#breadcrumb\"},\"inLanguage\":\"fr-FR\",\"potentialAction\":[{\"@type\":\"ReadAction\",\"target\":[\"https:\/\/www.poplineboutique.be\/shop\/produit\/crayon-rouge-a-levres\/\"]}]},{\"@type\":\"ImageObject\",\"inLanguage\":\"fr-FR\",\"@id\":\"https:\/\/www.poplineboutique.be\/shop\/produit\/crayon-rouge-a-levres\/#primaryimage\",\"url\":\"https:\/\/www.poplineboutique.be\/shop\/wp-content\/uploads\/2021\/07\/Crayon-rouge-a-levres-Camelia-Rose.jpg?wsr\",\"contentUrl\":\"https:\/\/www.poplineboutique.be\/shop\/wp-content\/uploads\/2021\/07\/Crayon-rouge-a-levres-Camelia-Rose.jpg?wsr\",\"width\":800,\"height\":800},{\"@type\":\"BreadcrumbList\",\"@id\":\"https:\/\/www.poplineboutique.be\/shop\/produit\/crayon-rouge-a-levres\/#breadcrumb\",\"itemListElement\":[{\"@type\":\"ListItem\",\"position\":1,\"name\":\"Accueil\",\"item\":\"https:\/\/www.poplineboutique.be\/shop\/\"},{\"@type\":\"ListItem\",\"position\":2,\"name\":\"Boutique\",\"item\":\"https:\/\/www.poplineboutique.be\/shop\/boutique\/\"},{\"@type\":\"ListItem\",\"position\":3,\"name\":\"Crayon rouge \u00e0 l\u00e8vres bio Avril\"}]},{\"@type\":\"WebSite\",\"@id\":\"https:\/\/www.poplineboutique.be\/shop\/#website\",\"url\":\"https:\/\/www.poplineboutique.be\/shop\/\",\"name\":\"Pop&#039;line\",\"description\":\"Boutique de produits naturels et \u00e9co-responsables\",\"publisher\":{\"@id\":\"https:\/\/www.poplineboutique.be\/shop\/#organization\"},\"potentialAction\":[{\"@type\":\"SearchAction\",\"target\":{\"@type\":\"EntryPoint\",\"urlTemplate\":\"https:\/\/www.poplineboutique.be\/shop\/?s={search_term_string}\"},\"query-input\":{\"@type\":\"PropertyValueSpecification\",\"valueRequired\":true,\"valueName\":\"search_term_string\"}}],\"inLanguage\":\"fr-FR\"},{\"@type\":\"Organization\",\"@id\":\"https:\/\/www.poplineboutique.be\/shop\/#organization\",\"name\":\"POP'LINE\",\"url\":\"https:\/\/www.poplineboutique.be\/shop\/\",\"logo\":{\"@type\":\"ImageObject\",\"inLanguage\":\"fr-FR\",\"@id\":\"https:\/\/www.poplineboutique.be\/shop\/#\/schema\/logo\/image\/\",\"url\":\"https:\/\/www.poplineboutique.be\/shop\/wp-content\/uploads\/2021\/08\/Popline_NaturalShop.png?wsr\",\"contentUrl\":\"https:\/\/www.poplineboutique.be\/shop\/wp-content\/uploads\/2021\/08\/Popline_NaturalShop.png?wsr\",\"width\":1080,\"height\":924,\"caption\":\"POP'LINE\"},\"image\":{\"@id\":\"https:\/\/www.poplineboutique.be\/shop\/#\/schema\/logo\/image\/\"},\"sameAs\":[\"https:\/\/www.facebook.com\/boutiquepopline\/\",\"https:\/\/instagram.com\/boutiquepopline\",\"https:\/\/www.pinterest.com\/boutiquepopline\"]}]}<\/script>\n<!-- \/ Yoast SEO plugin. -->","yoast_head_json":{"title":"Crayon rouge \u00e0 l\u00e8vres bio Avril - Pop&#039;line","robots":{"index":"index","follow":"follow","max-snippet":"max-snippet:-1","max-image-preview":"max-image-preview:large","max-video-preview":"max-video-preview:-1"},"canonical":"https:\/\/www.poplineboutique.be\/shop\/produit\/crayon-rouge-a-levres\/","og_locale":"fr_FR","og_type":"article","og_title":"Crayon rouge \u00e0 l\u00e8vres bio Avril - Pop&#039;line","og_description":"Pratique et \u00e9colo, le\u00a0crayon rouge \u00e0 l\u00e8vres certifi\u00e9 bio Avril,\u00a0enrichi en huile de graine de ricin bio, ne va plus quitter votre trousse \u00e0 maquillage\u00a0!","og_url":"https:\/\/www.poplineboutique.be\/shop\/produit\/crayon-rouge-a-levres\/","og_site_name":"Pop&#039;line","article_publisher":"https:\/\/www.facebook.com\/boutiquepopline\/","article_modified_time":"2026-04-17T12:35:13+00:00","og_image":[{"width":800,"height":800,"url":"https:\/\/www.poplineboutique.be\/shop\/wp-content\/uploads\/2021\/07\/Crayon-rouge-a-levres-Camelia-Rose.jpg?wsr","type":"image\/jpeg"}],"twitter_card":"summary_large_image","twitter_misc":{"Dur\u00e9e de lecture estim\u00e9e":"1 minute"},"schema":{"@context":"https:\/\/schema.org","@graph":[{"@type":"WebPage","@id":"https:\/\/www.poplineboutique.be\/shop\/produit\/crayon-rouge-a-levres\/","url":"https:\/\/www.poplineboutique.be\/shop\/produit\/crayon-rouge-a-levres\/","name":"Crayon rouge \u00e0 l\u00e8vres bio Avril - Pop&#039;line","isPartOf":{"@id":"https:\/\/www.poplineboutique.be\/shop\/#website"},"primaryImageOfPage":{"@id":"https:\/\/www.poplineboutique.be\/shop\/produit\/crayon-rouge-a-levres\/#primaryimage"},"image":{"@id":"https:\/\/www.poplineboutique.be\/shop\/produit\/crayon-rouge-a-levres\/#primaryimage"},"thumbnailUrl":"https:\/\/www.poplineboutique.be\/shop\/wp-content\/uploads\/2021\/07\/Crayon-rouge-a-levres-Camelia-Rose.jpg?wsr","datePublished":"2021-07-07T13:21:11+00:00","dateModified":"2026-04-17T12:35:13+00:00","breadcrumb":{"@id":"https:\/\/www.poplineboutique.be\/shop\/produit\/crayon-rouge-a-levres\/#breadcrumb"},"inLanguage":"fr-FR","potentialAction":[{"@type":"ReadAction","target":["https:\/\/www.poplineboutique.be\/shop\/produit\/crayon-rouge-a-levres\/"]}]},{"@type":"ImageObject","inLanguage":"fr-FR","@id":"https:\/\/www.poplineboutique.be\/shop\/produit\/crayon-rouge-a-levres\/#primaryimage","url":"https:\/\/www.poplineboutique.be\/shop\/wp-content\/uploads\/2021\/07\/Crayon-rouge-a-levres-Camelia-Rose.jpg?wsr","contentUrl":"https:\/\/www.poplineboutique.be\/shop\/wp-content\/uploads\/2021\/07\/Crayon-rouge-a-levres-Camelia-Rose.jpg?wsr","width":800,"height":800},{"@type":"BreadcrumbList","@id":"https:\/\/www.poplineboutique.be\/shop\/produit\/crayon-rouge-a-levres\/#breadcrumb","itemListElement":[{"@type":"ListItem","position":1,"name":"Accueil","item":"https:\/\/www.poplineboutique.be\/shop\/"},{"@type":"ListItem","position":2,"name":"Boutique","item":"https:\/\/www.poplineboutique.be\/shop\/boutique\/"},{"@type":"ListItem","position":3,"name":"Crayon rouge \u00e0 l\u00e8vres bio Avril"}]},{"@type":"WebSite","@id":"https:\/\/www.poplineboutique.be\/shop\/#website","url":"https:\/\/www.poplineboutique.be\/shop\/","name":"Pop&#039;line","description":"Boutique de produits naturels et \u00e9co-responsables","publisher":{"@id":"https:\/\/www.poplineboutique.be\/shop\/#organization"},"potentialAction":[{"@type":"SearchAction","target":{"@type":"EntryPoint","urlTemplate":"https:\/\/www.poplineboutique.be\/shop\/?s={search_term_string}"},"query-input":{"@type":"PropertyValueSpecification","valueRequired":true,"valueName":"search_term_string"}}],"inLanguage":"fr-FR"},{"@type":"Organization","@id":"https:\/\/www.poplineboutique.be\/shop\/#organization","name":"POP'LINE","url":"https:\/\/www.poplineboutique.be\/shop\/","logo":{"@type":"ImageObject","inLanguage":"fr-FR","@id":"https:\/\/www.poplineboutique.be\/shop\/#\/schema\/logo\/image\/","url":"https:\/\/www.poplineboutique.be\/shop\/wp-content\/uploads\/2021\/08\/Popline_NaturalShop.png?wsr","contentUrl":"https:\/\/www.poplineboutique.be\/shop\/wp-content\/uploads\/2021\/08\/Popline_NaturalShop.png?wsr","width":1080,"height":924,"caption":"POP'LINE"},"image":{"@id":"https:\/\/www.poplineboutique.be\/shop\/#\/schema\/logo\/image\/"},"sameAs":["https:\/\/www.facebook.com\/boutiquepopline\/","https:\/\/instagram.com\/boutiquepopline","https:\/\/www.pinterest.com\/boutiquepopline"]}]}},"jetpack_sharing_enabled":true,"brands":[{"id":701,"name":"Avril","slug":"avril"}],"_links":{"self":[{"href":"https:\/\/www.poplineboutique.be\/shop\/wp-json\/wp\/v2\/product\/14355"}],"collection":[{"href":"https:\/\/www.poplineboutique.be\/shop\/wp-json\/wp\/v2\/product"}],"about":[{"href":"https:\/\/www.poplineboutique.be\/shop\/wp-json\/wp\/v2\/types\/product"}],"version-history":[{"count":3,"href":"https:\/\/www.poplineboutique.be\/shop\/wp-json\/wp\/v2\/product\/14355\/revisions"}],"predecessor-version":[{"id":21244,"href":"https:\/\/www.poplineboutique.be\/shop\/wp-json\/wp\/v2\/product\/14355\/revisions\/21244"}],"wp:featuredmedia":[{"embeddable":true,"href":"https:\/\/www.poplineboutique.be\/shop\/wp-json\/wp\/v2\/media\/14361"}],"wp:attachment":[{"href":"https:\/\/www.poplineboutique.be\/shop\/wp-json\/wp\/v2\/media?parent=14355"}],"wp:term":[{"taxonomy":"pwb-brand","embeddable":true,"href":"https:\/\/www.poplineboutique.be\/shop\/wp-json\/wp\/v2\/pwb-brand?post=14355"},{"taxonomy":"product_brand","embeddable":true,"href":"https:\/\/www.poplineboutique.be\/shop\/wp-json\/wp\/v2\/product_brand?post=14355"},{"taxonomy":"product_cat","embeddable":true,"href":"https:\/\/www.poplineboutique.be\/shop\/wp-json\/wp\/v2\/product_cat?post=14355"},{"taxonomy":"product_tag","embeddable":true,"href":"https:\/\/www.poplineboutique.be\/shop\/wp-json\/wp\/v2\/product_tag?post=14355"}],"curies":[{"name":"wp","href":"https:\/\/api.w.org\/{rel}","templated":true}]}}