{"id":15650,"date":"2022-02-22T16:13:23","date_gmt":"2022-02-22T15:13:23","guid":{"rendered":"https:\/\/www.poplineboutique.be\/shop\/?post_type=product&#038;p=15650"},"modified":"2026-04-17T10:57:09","modified_gmt":"2026-04-17T08:57:09","slug":"serum-desalterant-bio","status":"publish","type":"product","link":"https:\/\/www.poplineboutique.be\/shop\/produit\/serum-desalterant-bio\/","title":{"rendered":"S\u00e9rum d\u00e9salt\u00e9rant bio Avril"},"content":{"rendered":"<ul>\n<li>Tous types de peaux<\/li>\n<li>Texture fluide rapidement absorb\u00e9e<\/li>\n<li>Hydrate durablement et assouplit la peau<\/li>\n<li>A l&rsquo;acide hyaluronique (d&rsquo;origine v\u00e9g\u00e9tale)<\/li>\n<li>A l&rsquo;aloe vera bio<\/li>\n<li>Certifi\u00e9 bio par Ecocert<\/li>\n<li>Fabriqu\u00e9 en France<\/li>\n<li>Produit v\u00e9gan<\/li>\n<li>30 ml<\/li>\n<\/ul>\n","protected":false},"excerpt":{"rendered":"<p>Boostez l&rsquo;hydratation de votre peau gr\u00e2ce au\u00a0<strong>s\u00e9rum d\u00e9salt\u00e9rant certifi\u00e9 bio Avril<\/strong>\u00a0: l&rsquo;acide hyaluronique et l&rsquo;aloe vera bio combinent leurs vertus pour vous offrir une peau\u00a0assouplie et hydrat\u00e9e, le tout dans une texture ultra l\u00e9g\u00e8re.<\/p>\n","protected":false},"featured_media":15651,"template":"","meta":{"_monsterinsights_skip_tracking":false,"_monsterinsights_sitenote_active":false,"_monsterinsights_sitenote_note":"","_monsterinsights_sitenote_category":0},"pwb-brand":[701],"product_brand":[],"product_cat":[362],"product_tag":[],"class_list":{"0":"post-15650","1":"product","2":"type-product","3":"status-publish","4":"has-post-thumbnail","6":"pwb-brand-avril","7":"product_cat-visage","9":"first","10":"instock","11":"taxable","12":"shipping-taxable","13":"purchasable","14":"product-type-simple"},"yoast_head":"<!-- This site is optimized with the Yoast SEO plugin v25.6 - https:\/\/yoast.com\/wordpress\/plugins\/seo\/ -->\n<title>S\u00e9rum d\u00e9salt\u00e9rant bio Avril - Pop&#039;line<\/title>\n<meta name=\"robots\" content=\"index, follow, max-snippet:-1, max-image-preview:large, max-video-preview:-1\" \/>\n<link rel=\"canonical\" href=\"https:\/\/www.poplineboutique.be\/shop\/produit\/serum-desalterant-bio\/\" \/>\n<meta property=\"og:locale\" content=\"fr_FR\" \/>\n<meta property=\"og:type\" content=\"article\" \/>\n<meta property=\"og:title\" content=\"S\u00e9rum d\u00e9salt\u00e9rant bio Avril - Pop&#039;line\" \/>\n<meta property=\"og:description\" content=\"Boostez l&#039;hydratation de votre peau gr\u00e2ce au\u00a0s\u00e9rum d\u00e9salt\u00e9rant certifi\u00e9 bio Avril\u00a0: l&#039;acide hyaluronique et l&#039;aloe vera bio combinent leurs vertus pour vous offrir une peau\u00a0assouplie et hydrat\u00e9e, le tout dans une texture ultra l\u00e9g\u00e8re.\" \/>\n<meta property=\"og:url\" content=\"https:\/\/www.poplineboutique.be\/shop\/produit\/serum-desalterant-bio\/\" \/>\n<meta property=\"og:site_name\" content=\"Pop&#039;line\" \/>\n<meta property=\"article:publisher\" content=\"https:\/\/www.facebook.com\/boutiquepopline\/\" \/>\n<meta property=\"article:modified_time\" content=\"2026-04-17T08:57:09+00:00\" \/>\n<meta property=\"og:image\" content=\"https:\/\/www.poplineboutique.be\/shop\/wp-content\/uploads\/2022\/02\/Serum-Desalterant-bio.jpg\" \/>\n\t<meta property=\"og:image:width\" content=\"1000\" \/>\n\t<meta property=\"og:image:height\" content=\"1000\" \/>\n\t<meta property=\"og:image:type\" content=\"image\/jpeg\" \/>\n<meta name=\"twitter:card\" content=\"summary_large_image\" \/>\n<meta name=\"twitter:label1\" content=\"Dur\u00e9e de lecture estim\u00e9e\" \/>\n\t<meta name=\"twitter:data1\" content=\"1 minute\" \/>\n<script type=\"application\/ld+json\" class=\"yoast-schema-graph\">{\"@context\":\"https:\/\/schema.org\",\"@graph\":[{\"@type\":\"WebPage\",\"@id\":\"https:\/\/www.poplineboutique.be\/shop\/produit\/serum-desalterant-bio\/\",\"url\":\"https:\/\/www.poplineboutique.be\/shop\/produit\/serum-desalterant-bio\/\",\"name\":\"S\u00e9rum d\u00e9salt\u00e9rant bio Avril - Pop&#039;line\",\"isPartOf\":{\"@id\":\"https:\/\/www.poplineboutique.be\/shop\/#website\"},\"primaryImageOfPage\":{\"@id\":\"https:\/\/www.poplineboutique.be\/shop\/produit\/serum-desalterant-bio\/#primaryimage\"},\"image\":{\"@id\":\"https:\/\/www.poplineboutique.be\/shop\/produit\/serum-desalterant-bio\/#primaryimage\"},\"thumbnailUrl\":\"https:\/\/www.poplineboutique.be\/shop\/wp-content\/uploads\/2022\/02\/Serum-Desalterant-bio.jpg?wsr\",\"datePublished\":\"2022-02-22T15:13:23+00:00\",\"dateModified\":\"2026-04-17T08:57:09+00:00\",\"breadcrumb\":{\"@id\":\"https:\/\/www.poplineboutique.be\/shop\/produit\/serum-desalterant-bio\/#breadcrumb\"},\"inLanguage\":\"fr-FR\",\"potentialAction\":[{\"@type\":\"ReadAction\",\"target\":[\"https:\/\/www.poplineboutique.be\/shop\/produit\/serum-desalterant-bio\/\"]}]},{\"@type\":\"ImageObject\",\"inLanguage\":\"fr-FR\",\"@id\":\"https:\/\/www.poplineboutique.be\/shop\/produit\/serum-desalterant-bio\/#primaryimage\",\"url\":\"https:\/\/www.poplineboutique.be\/shop\/wp-content\/uploads\/2022\/02\/Serum-Desalterant-bio.jpg?wsr\",\"contentUrl\":\"https:\/\/www.poplineboutique.be\/shop\/wp-content\/uploads\/2022\/02\/Serum-Desalterant-bio.jpg?wsr\",\"width\":1000,\"height\":1000},{\"@type\":\"BreadcrumbList\",\"@id\":\"https:\/\/www.poplineboutique.be\/shop\/produit\/serum-desalterant-bio\/#breadcrumb\",\"itemListElement\":[{\"@type\":\"ListItem\",\"position\":1,\"name\":\"Accueil\",\"item\":\"https:\/\/www.poplineboutique.be\/shop\/\"},{\"@type\":\"ListItem\",\"position\":2,\"name\":\"Boutique\",\"item\":\"https:\/\/www.poplineboutique.be\/shop\/boutique\/\"},{\"@type\":\"ListItem\",\"position\":3,\"name\":\"S\u00e9rum d\u00e9salt\u00e9rant bio Avril\"}]},{\"@type\":\"WebSite\",\"@id\":\"https:\/\/www.poplineboutique.be\/shop\/#website\",\"url\":\"https:\/\/www.poplineboutique.be\/shop\/\",\"name\":\"Pop&#039;line\",\"description\":\"Boutique de produits naturels et \u00e9co-responsables\",\"publisher\":{\"@id\":\"https:\/\/www.poplineboutique.be\/shop\/#organization\"},\"potentialAction\":[{\"@type\":\"SearchAction\",\"target\":{\"@type\":\"EntryPoint\",\"urlTemplate\":\"https:\/\/www.poplineboutique.be\/shop\/?s={search_term_string}\"},\"query-input\":{\"@type\":\"PropertyValueSpecification\",\"valueRequired\":true,\"valueName\":\"search_term_string\"}}],\"inLanguage\":\"fr-FR\"},{\"@type\":\"Organization\",\"@id\":\"https:\/\/www.poplineboutique.be\/shop\/#organization\",\"name\":\"POP'LINE\",\"url\":\"https:\/\/www.poplineboutique.be\/shop\/\",\"logo\":{\"@type\":\"ImageObject\",\"inLanguage\":\"fr-FR\",\"@id\":\"https:\/\/www.poplineboutique.be\/shop\/#\/schema\/logo\/image\/\",\"url\":\"https:\/\/www.poplineboutique.be\/shop\/wp-content\/uploads\/2021\/08\/Popline_NaturalShop.png?wsr\",\"contentUrl\":\"https:\/\/www.poplineboutique.be\/shop\/wp-content\/uploads\/2021\/08\/Popline_NaturalShop.png?wsr\",\"width\":1080,\"height\":924,\"caption\":\"POP'LINE\"},\"image\":{\"@id\":\"https:\/\/www.poplineboutique.be\/shop\/#\/schema\/logo\/image\/\"},\"sameAs\":[\"https:\/\/www.facebook.com\/boutiquepopline\/\",\"https:\/\/instagram.com\/boutiquepopline\",\"https:\/\/www.pinterest.com\/boutiquepopline\"]}]}<\/script>\n<!-- \/ Yoast SEO plugin. -->","yoast_head_json":{"title":"S\u00e9rum d\u00e9salt\u00e9rant bio Avril - Pop&#039;line","robots":{"index":"index","follow":"follow","max-snippet":"max-snippet:-1","max-image-preview":"max-image-preview:large","max-video-preview":"max-video-preview:-1"},"canonical":"https:\/\/www.poplineboutique.be\/shop\/produit\/serum-desalterant-bio\/","og_locale":"fr_FR","og_type":"article","og_title":"S\u00e9rum d\u00e9salt\u00e9rant bio Avril - Pop&#039;line","og_description":"Boostez l'hydratation de votre peau gr\u00e2ce au\u00a0s\u00e9rum d\u00e9salt\u00e9rant certifi\u00e9 bio Avril\u00a0: l'acide hyaluronique et l'aloe vera bio combinent leurs vertus pour vous offrir une peau\u00a0assouplie et hydrat\u00e9e, le tout dans une texture ultra l\u00e9g\u00e8re.","og_url":"https:\/\/www.poplineboutique.be\/shop\/produit\/serum-desalterant-bio\/","og_site_name":"Pop&#039;line","article_publisher":"https:\/\/www.facebook.com\/boutiquepopline\/","article_modified_time":"2026-04-17T08:57:09+00:00","og_image":[{"width":1000,"height":1000,"url":"https:\/\/www.poplineboutique.be\/shop\/wp-content\/uploads\/2022\/02\/Serum-Desalterant-bio.jpg","type":"image\/jpeg"}],"twitter_card":"summary_large_image","twitter_misc":{"Dur\u00e9e de lecture estim\u00e9e":"1 minute"},"schema":{"@context":"https:\/\/schema.org","@graph":[{"@type":"WebPage","@id":"https:\/\/www.poplineboutique.be\/shop\/produit\/serum-desalterant-bio\/","url":"https:\/\/www.poplineboutique.be\/shop\/produit\/serum-desalterant-bio\/","name":"S\u00e9rum d\u00e9salt\u00e9rant bio Avril - Pop&#039;line","isPartOf":{"@id":"https:\/\/www.poplineboutique.be\/shop\/#website"},"primaryImageOfPage":{"@id":"https:\/\/www.poplineboutique.be\/shop\/produit\/serum-desalterant-bio\/#primaryimage"},"image":{"@id":"https:\/\/www.poplineboutique.be\/shop\/produit\/serum-desalterant-bio\/#primaryimage"},"thumbnailUrl":"https:\/\/www.poplineboutique.be\/shop\/wp-content\/uploads\/2022\/02\/Serum-Desalterant-bio.jpg?wsr","datePublished":"2022-02-22T15:13:23+00:00","dateModified":"2026-04-17T08:57:09+00:00","breadcrumb":{"@id":"https:\/\/www.poplineboutique.be\/shop\/produit\/serum-desalterant-bio\/#breadcrumb"},"inLanguage":"fr-FR","potentialAction":[{"@type":"ReadAction","target":["https:\/\/www.poplineboutique.be\/shop\/produit\/serum-desalterant-bio\/"]}]},{"@type":"ImageObject","inLanguage":"fr-FR","@id":"https:\/\/www.poplineboutique.be\/shop\/produit\/serum-desalterant-bio\/#primaryimage","url":"https:\/\/www.poplineboutique.be\/shop\/wp-content\/uploads\/2022\/02\/Serum-Desalterant-bio.jpg?wsr","contentUrl":"https:\/\/www.poplineboutique.be\/shop\/wp-content\/uploads\/2022\/02\/Serum-Desalterant-bio.jpg?wsr","width":1000,"height":1000},{"@type":"BreadcrumbList","@id":"https:\/\/www.poplineboutique.be\/shop\/produit\/serum-desalterant-bio\/#breadcrumb","itemListElement":[{"@type":"ListItem","position":1,"name":"Accueil","item":"https:\/\/www.poplineboutique.be\/shop\/"},{"@type":"ListItem","position":2,"name":"Boutique","item":"https:\/\/www.poplineboutique.be\/shop\/boutique\/"},{"@type":"ListItem","position":3,"name":"S\u00e9rum d\u00e9salt\u00e9rant bio Avril"}]},{"@type":"WebSite","@id":"https:\/\/www.poplineboutique.be\/shop\/#website","url":"https:\/\/www.poplineboutique.be\/shop\/","name":"Pop&#039;line","description":"Boutique de produits naturels et \u00e9co-responsables","publisher":{"@id":"https:\/\/www.poplineboutique.be\/shop\/#organization"},"potentialAction":[{"@type":"SearchAction","target":{"@type":"EntryPoint","urlTemplate":"https:\/\/www.poplineboutique.be\/shop\/?s={search_term_string}"},"query-input":{"@type":"PropertyValueSpecification","valueRequired":true,"valueName":"search_term_string"}}],"inLanguage":"fr-FR"},{"@type":"Organization","@id":"https:\/\/www.poplineboutique.be\/shop\/#organization","name":"POP'LINE","url":"https:\/\/www.poplineboutique.be\/shop\/","logo":{"@type":"ImageObject","inLanguage":"fr-FR","@id":"https:\/\/www.poplineboutique.be\/shop\/#\/schema\/logo\/image\/","url":"https:\/\/www.poplineboutique.be\/shop\/wp-content\/uploads\/2021\/08\/Popline_NaturalShop.png?wsr","contentUrl":"https:\/\/www.poplineboutique.be\/shop\/wp-content\/uploads\/2021\/08\/Popline_NaturalShop.png?wsr","width":1080,"height":924,"caption":"POP'LINE"},"image":{"@id":"https:\/\/www.poplineboutique.be\/shop\/#\/schema\/logo\/image\/"},"sameAs":["https:\/\/www.facebook.com\/boutiquepopline\/","https:\/\/instagram.com\/boutiquepopline","https:\/\/www.pinterest.com\/boutiquepopline"]}]}},"jetpack_sharing_enabled":true,"brands":[{"id":701,"name":"Avril","slug":"avril"}],"_links":{"self":[{"href":"https:\/\/www.poplineboutique.be\/shop\/wp-json\/wp\/v2\/product\/15650"}],"collection":[{"href":"https:\/\/www.poplineboutique.be\/shop\/wp-json\/wp\/v2\/product"}],"about":[{"href":"https:\/\/www.poplineboutique.be\/shop\/wp-json\/wp\/v2\/types\/product"}],"version-history":[{"count":3,"href":"https:\/\/www.poplineboutique.be\/shop\/wp-json\/wp\/v2\/product\/15650\/revisions"}],"predecessor-version":[{"id":19492,"href":"https:\/\/www.poplineboutique.be\/shop\/wp-json\/wp\/v2\/product\/15650\/revisions\/19492"}],"wp:featuredmedia":[{"embeddable":true,"href":"https:\/\/www.poplineboutique.be\/shop\/wp-json\/wp\/v2\/media\/15651"}],"wp:attachment":[{"href":"https:\/\/www.poplineboutique.be\/shop\/wp-json\/wp\/v2\/media?parent=15650"}],"wp:term":[{"taxonomy":"pwb-brand","embeddable":true,"href":"https:\/\/www.poplineboutique.be\/shop\/wp-json\/wp\/v2\/pwb-brand?post=15650"},{"taxonomy":"product_brand","embeddable":true,"href":"https:\/\/www.poplineboutique.be\/shop\/wp-json\/wp\/v2\/product_brand?post=15650"},{"taxonomy":"product_cat","embeddable":true,"href":"https:\/\/www.poplineboutique.be\/shop\/wp-json\/wp\/v2\/product_cat?post=15650"},{"taxonomy":"product_tag","embeddable":true,"href":"https:\/\/www.poplineboutique.be\/shop\/wp-json\/wp\/v2\/product_tag?post=15650"}],"curies":[{"name":"wp","href":"https:\/\/api.w.org\/{rel}","templated":true}]}}