{"id":15867,"date":"2022-08-31T11:10:52","date_gmt":"2022-08-31T09:10:52","guid":{"rendered":"https:\/\/www.poplineboutique.be\/shop\/?post_type=product&#038;p=15867"},"modified":"2026-04-01T16:46:13","modified_gmt":"2026-04-01T14:46:13","slug":"shampoing-wwc-cheveux-normaux","status":"publish","type":"product","link":"https:\/\/www.poplineboutique.be\/shop\/produit\/shampoing-wwc-cheveux-normaux\/","title":{"rendered":"Shampoing solide cheveux normaux"},"content":{"rendered":"<ul>\n<li class=\"p1\"><span class=\"s1\">Formule enrichie \u00e0 l\u2019huile de Jojoba et argile rouge permettant d\u2019espacer les lavages<\/span><\/li>\n<li>Convient pour les cheveux mixtes \u00e0 gras (racines grasses et pointes s\u00e8ches)<\/li>\n<li>70g : 60 \u00e0 70 utilisations<\/li>\n<li>Fabriqu\u00e9 en Belgique<\/li>\n<\/ul>\n","protected":false},"excerpt":{"rendered":"<p>Ce shampoing solide\u00a0<strong>Cheveux normaux\u00a0<\/strong>de\u00a0<strong>Wash Wash Cousin\u00a0<\/strong>est fabriqu\u00e9 \u00e0 la main \u00e0 partir de 100% d\u2019huiles v\u00e9g\u00e9tales, de beurres v\u00e9g\u00e9taux et d\u2019huiles essentielles issus de l\u2019agriculture biologique. Il est enrichi \u00e0 l&rsquo;huile de\u00a0<strong>jojoba\u00a0<\/strong>qui agit en tant que s\u00e9bor\u00e9gulateur et \u00e0 l<strong>&lsquo;argile rouge<\/strong>\u00a0qui apporte brillance \u00e0 vos cheveux. L&rsquo;huile essentielle de\u00a0<strong>petit grain bigarade\u00a0<\/strong>laisse un agr\u00e9able parfum frais, vert et enveloppant.<\/p>\n","protected":false},"featured_media":15870,"template":"","meta":{"_monsterinsights_skip_tracking":false,"_monsterinsights_sitenote_active":false,"_monsterinsights_sitenote_note":"","_monsterinsights_sitenote_category":0},"pwb-brand":[728],"product_brand":[],"product_cat":[364],"product_tag":[],"class_list":{"0":"post-15867","1":"product","2":"type-product","3":"status-publish","4":"has-post-thumbnail","6":"pwb-brand-washwashcousin","7":"product_cat-cheveux","9":"first","10":"instock","11":"featured","12":"taxable","13":"shipping-taxable","14":"purchasable","15":"product-type-simple"},"yoast_head":"<!-- This site is optimized with the Yoast SEO plugin v25.6 - https:\/\/yoast.com\/wordpress\/plugins\/seo\/ -->\n<title>Shampoing solide cheveux normaux - Pop&#039;line<\/title>\n<meta name=\"robots\" content=\"index, follow, max-snippet:-1, max-image-preview:large, max-video-preview:-1\" \/>\n<link rel=\"canonical\" href=\"https:\/\/www.poplineboutique.be\/shop\/produit\/shampoing-wwc-cheveux-normaux\/\" \/>\n<meta property=\"og:locale\" content=\"fr_FR\" \/>\n<meta property=\"og:type\" content=\"article\" \/>\n<meta property=\"og:title\" content=\"Shampoing solide cheveux normaux - Pop&#039;line\" \/>\n<meta property=\"og:description\" content=\"Ce shampoing solide\u00a0Cheveux normaux\u00a0de\u00a0Wash Wash Cousin\u00a0est fabriqu\u00e9 \u00e0 la main \u00e0 partir de 100% d\u2019huiles v\u00e9g\u00e9tales, de beurres v\u00e9g\u00e9taux et d\u2019huiles essentielles issus de l\u2019agriculture biologique. Il est enrichi \u00e0 l&#039;huile de\u00a0jojoba\u00a0qui agit en tant que s\u00e9bor\u00e9gulateur et \u00e0 l&#039;argile rouge\u00a0qui apporte brillance \u00e0 vos cheveux. L&#039;huile essentielle de\u00a0petit grain bigarade\u00a0laisse un agr\u00e9able parfum frais, vert et enveloppant.\" \/>\n<meta property=\"og:url\" content=\"https:\/\/www.poplineboutique.be\/shop\/produit\/shampoing-wwc-cheveux-normaux\/\" \/>\n<meta property=\"og:site_name\" content=\"Pop&#039;line\" \/>\n<meta property=\"article:publisher\" content=\"https:\/\/www.facebook.com\/boutiquepopline\/\" \/>\n<meta property=\"article:modified_time\" content=\"2026-04-01T14:46:13+00:00\" \/>\n<meta property=\"og:image\" content=\"https:\/\/www.poplineboutique.be\/shop\/wp-content\/uploads\/2022\/08\/Shampoing-cheveux-normaux.jpg?wsr\" \/>\n\t<meta property=\"og:image:width\" content=\"960\" \/>\n\t<meta property=\"og:image:height\" content=\"960\" \/>\n\t<meta property=\"og:image:type\" content=\"image\/jpeg\" \/>\n<meta name=\"twitter:card\" content=\"summary_large_image\" \/>\n<meta name=\"twitter:label1\" content=\"Dur\u00e9e de lecture estim\u00e9e\" \/>\n\t<meta name=\"twitter:data1\" content=\"1 minute\" \/>\n<script type=\"application\/ld+json\" class=\"yoast-schema-graph\">{\"@context\":\"https:\/\/schema.org\",\"@graph\":[{\"@type\":\"WebPage\",\"@id\":\"https:\/\/www.poplineboutique.be\/shop\/produit\/shampoing-wwc-cheveux-normaux\/\",\"url\":\"https:\/\/www.poplineboutique.be\/shop\/produit\/shampoing-wwc-cheveux-normaux\/\",\"name\":\"Shampoing solide cheveux normaux - Pop&#039;line\",\"isPartOf\":{\"@id\":\"https:\/\/www.poplineboutique.be\/shop\/#website\"},\"primaryImageOfPage\":{\"@id\":\"https:\/\/www.poplineboutique.be\/shop\/produit\/shampoing-wwc-cheveux-normaux\/#primaryimage\"},\"image\":{\"@id\":\"https:\/\/www.poplineboutique.be\/shop\/produit\/shampoing-wwc-cheveux-normaux\/#primaryimage\"},\"thumbnailUrl\":\"https:\/\/www.poplineboutique.be\/shop\/wp-content\/uploads\/2022\/08\/Shampoing-cheveux-normaux.jpg?wsr\",\"datePublished\":\"2022-08-31T09:10:52+00:00\",\"dateModified\":\"2026-04-01T14:46:13+00:00\",\"breadcrumb\":{\"@id\":\"https:\/\/www.poplineboutique.be\/shop\/produit\/shampoing-wwc-cheveux-normaux\/#breadcrumb\"},\"inLanguage\":\"fr-FR\",\"potentialAction\":[{\"@type\":\"ReadAction\",\"target\":[\"https:\/\/www.poplineboutique.be\/shop\/produit\/shampoing-wwc-cheveux-normaux\/\"]}]},{\"@type\":\"ImageObject\",\"inLanguage\":\"fr-FR\",\"@id\":\"https:\/\/www.poplineboutique.be\/shop\/produit\/shampoing-wwc-cheveux-normaux\/#primaryimage\",\"url\":\"https:\/\/www.poplineboutique.be\/shop\/wp-content\/uploads\/2022\/08\/Shampoing-cheveux-normaux.jpg?wsr\",\"contentUrl\":\"https:\/\/www.poplineboutique.be\/shop\/wp-content\/uploads\/2022\/08\/Shampoing-cheveux-normaux.jpg?wsr\",\"width\":960,\"height\":960},{\"@type\":\"BreadcrumbList\",\"@id\":\"https:\/\/www.poplineboutique.be\/shop\/produit\/shampoing-wwc-cheveux-normaux\/#breadcrumb\",\"itemListElement\":[{\"@type\":\"ListItem\",\"position\":1,\"name\":\"Accueil\",\"item\":\"https:\/\/www.poplineboutique.be\/shop\/\"},{\"@type\":\"ListItem\",\"position\":2,\"name\":\"Boutique\",\"item\":\"https:\/\/www.poplineboutique.be\/shop\/boutique\/\"},{\"@type\":\"ListItem\",\"position\":3,\"name\":\"Shampoing solide cheveux normaux\"}]},{\"@type\":\"WebSite\",\"@id\":\"https:\/\/www.poplineboutique.be\/shop\/#website\",\"url\":\"https:\/\/www.poplineboutique.be\/shop\/\",\"name\":\"Pop&#039;line\",\"description\":\"Boutique de produits naturels et \u00e9co-responsables\",\"publisher\":{\"@id\":\"https:\/\/www.poplineboutique.be\/shop\/#organization\"},\"potentialAction\":[{\"@type\":\"SearchAction\",\"target\":{\"@type\":\"EntryPoint\",\"urlTemplate\":\"https:\/\/www.poplineboutique.be\/shop\/?s={search_term_string}\"},\"query-input\":{\"@type\":\"PropertyValueSpecification\",\"valueRequired\":true,\"valueName\":\"search_term_string\"}}],\"inLanguage\":\"fr-FR\"},{\"@type\":\"Organization\",\"@id\":\"https:\/\/www.poplineboutique.be\/shop\/#organization\",\"name\":\"POP'LINE\",\"url\":\"https:\/\/www.poplineboutique.be\/shop\/\",\"logo\":{\"@type\":\"ImageObject\",\"inLanguage\":\"fr-FR\",\"@id\":\"https:\/\/www.poplineboutique.be\/shop\/#\/schema\/logo\/image\/\",\"url\":\"https:\/\/www.poplineboutique.be\/shop\/wp-content\/uploads\/2021\/08\/Popline_NaturalShop.png?wsr\",\"contentUrl\":\"https:\/\/www.poplineboutique.be\/shop\/wp-content\/uploads\/2021\/08\/Popline_NaturalShop.png?wsr\",\"width\":1080,\"height\":924,\"caption\":\"POP'LINE\"},\"image\":{\"@id\":\"https:\/\/www.poplineboutique.be\/shop\/#\/schema\/logo\/image\/\"},\"sameAs\":[\"https:\/\/www.facebook.com\/boutiquepopline\/\",\"https:\/\/instagram.com\/boutiquepopline\",\"https:\/\/www.pinterest.com\/boutiquepopline\"]}]}<\/script>\n<!-- \/ Yoast SEO plugin. -->","yoast_head_json":{"title":"Shampoing solide cheveux normaux - Pop&#039;line","robots":{"index":"index","follow":"follow","max-snippet":"max-snippet:-1","max-image-preview":"max-image-preview:large","max-video-preview":"max-video-preview:-1"},"canonical":"https:\/\/www.poplineboutique.be\/shop\/produit\/shampoing-wwc-cheveux-normaux\/","og_locale":"fr_FR","og_type":"article","og_title":"Shampoing solide cheveux normaux - Pop&#039;line","og_description":"Ce shampoing solide\u00a0Cheveux normaux\u00a0de\u00a0Wash Wash Cousin\u00a0est fabriqu\u00e9 \u00e0 la main \u00e0 partir de 100% d\u2019huiles v\u00e9g\u00e9tales, de beurres v\u00e9g\u00e9taux et d\u2019huiles essentielles issus de l\u2019agriculture biologique. Il est enrichi \u00e0 l'huile de\u00a0jojoba\u00a0qui agit en tant que s\u00e9bor\u00e9gulateur et \u00e0 l'argile rouge\u00a0qui apporte brillance \u00e0 vos cheveux. L'huile essentielle de\u00a0petit grain bigarade\u00a0laisse un agr\u00e9able parfum frais, vert et enveloppant.","og_url":"https:\/\/www.poplineboutique.be\/shop\/produit\/shampoing-wwc-cheveux-normaux\/","og_site_name":"Pop&#039;line","article_publisher":"https:\/\/www.facebook.com\/boutiquepopline\/","article_modified_time":"2026-04-01T14:46:13+00:00","og_image":[{"width":960,"height":960,"url":"https:\/\/www.poplineboutique.be\/shop\/wp-content\/uploads\/2022\/08\/Shampoing-cheveux-normaux.jpg?wsr","type":"image\/jpeg"}],"twitter_card":"summary_large_image","twitter_misc":{"Dur\u00e9e de lecture estim\u00e9e":"1 minute"},"schema":{"@context":"https:\/\/schema.org","@graph":[{"@type":"WebPage","@id":"https:\/\/www.poplineboutique.be\/shop\/produit\/shampoing-wwc-cheveux-normaux\/","url":"https:\/\/www.poplineboutique.be\/shop\/produit\/shampoing-wwc-cheveux-normaux\/","name":"Shampoing solide cheveux normaux - Pop&#039;line","isPartOf":{"@id":"https:\/\/www.poplineboutique.be\/shop\/#website"},"primaryImageOfPage":{"@id":"https:\/\/www.poplineboutique.be\/shop\/produit\/shampoing-wwc-cheveux-normaux\/#primaryimage"},"image":{"@id":"https:\/\/www.poplineboutique.be\/shop\/produit\/shampoing-wwc-cheveux-normaux\/#primaryimage"},"thumbnailUrl":"https:\/\/www.poplineboutique.be\/shop\/wp-content\/uploads\/2022\/08\/Shampoing-cheveux-normaux.jpg?wsr","datePublished":"2022-08-31T09:10:52+00:00","dateModified":"2026-04-01T14:46:13+00:00","breadcrumb":{"@id":"https:\/\/www.poplineboutique.be\/shop\/produit\/shampoing-wwc-cheveux-normaux\/#breadcrumb"},"inLanguage":"fr-FR","potentialAction":[{"@type":"ReadAction","target":["https:\/\/www.poplineboutique.be\/shop\/produit\/shampoing-wwc-cheveux-normaux\/"]}]},{"@type":"ImageObject","inLanguage":"fr-FR","@id":"https:\/\/www.poplineboutique.be\/shop\/produit\/shampoing-wwc-cheveux-normaux\/#primaryimage","url":"https:\/\/www.poplineboutique.be\/shop\/wp-content\/uploads\/2022\/08\/Shampoing-cheveux-normaux.jpg?wsr","contentUrl":"https:\/\/www.poplineboutique.be\/shop\/wp-content\/uploads\/2022\/08\/Shampoing-cheveux-normaux.jpg?wsr","width":960,"height":960},{"@type":"BreadcrumbList","@id":"https:\/\/www.poplineboutique.be\/shop\/produit\/shampoing-wwc-cheveux-normaux\/#breadcrumb","itemListElement":[{"@type":"ListItem","position":1,"name":"Accueil","item":"https:\/\/www.poplineboutique.be\/shop\/"},{"@type":"ListItem","position":2,"name":"Boutique","item":"https:\/\/www.poplineboutique.be\/shop\/boutique\/"},{"@type":"ListItem","position":3,"name":"Shampoing solide cheveux normaux"}]},{"@type":"WebSite","@id":"https:\/\/www.poplineboutique.be\/shop\/#website","url":"https:\/\/www.poplineboutique.be\/shop\/","name":"Pop&#039;line","description":"Boutique de produits naturels et \u00e9co-responsables","publisher":{"@id":"https:\/\/www.poplineboutique.be\/shop\/#organization"},"potentialAction":[{"@type":"SearchAction","target":{"@type":"EntryPoint","urlTemplate":"https:\/\/www.poplineboutique.be\/shop\/?s={search_term_string}"},"query-input":{"@type":"PropertyValueSpecification","valueRequired":true,"valueName":"search_term_string"}}],"inLanguage":"fr-FR"},{"@type":"Organization","@id":"https:\/\/www.poplineboutique.be\/shop\/#organization","name":"POP'LINE","url":"https:\/\/www.poplineboutique.be\/shop\/","logo":{"@type":"ImageObject","inLanguage":"fr-FR","@id":"https:\/\/www.poplineboutique.be\/shop\/#\/schema\/logo\/image\/","url":"https:\/\/www.poplineboutique.be\/shop\/wp-content\/uploads\/2021\/08\/Popline_NaturalShop.png?wsr","contentUrl":"https:\/\/www.poplineboutique.be\/shop\/wp-content\/uploads\/2021\/08\/Popline_NaturalShop.png?wsr","width":1080,"height":924,"caption":"POP'LINE"},"image":{"@id":"https:\/\/www.poplineboutique.be\/shop\/#\/schema\/logo\/image\/"},"sameAs":["https:\/\/www.facebook.com\/boutiquepopline\/","https:\/\/instagram.com\/boutiquepopline","https:\/\/www.pinterest.com\/boutiquepopline"]}]}},"jetpack_sharing_enabled":true,"brands":[{"id":728,"name":"Wash Wash Cousin","slug":"washwashcousin"}],"_links":{"self":[{"href":"https:\/\/www.poplineboutique.be\/shop\/wp-json\/wp\/v2\/product\/15867"}],"collection":[{"href":"https:\/\/www.poplineboutique.be\/shop\/wp-json\/wp\/v2\/product"}],"about":[{"href":"https:\/\/www.poplineboutique.be\/shop\/wp-json\/wp\/v2\/types\/product"}],"version-history":[{"count":2,"href":"https:\/\/www.poplineboutique.be\/shop\/wp-json\/wp\/v2\/product\/15867\/revisions"}],"predecessor-version":[{"id":19390,"href":"https:\/\/www.poplineboutique.be\/shop\/wp-json\/wp\/v2\/product\/15867\/revisions\/19390"}],"wp:featuredmedia":[{"embeddable":true,"href":"https:\/\/www.poplineboutique.be\/shop\/wp-json\/wp\/v2\/media\/15870"}],"wp:attachment":[{"href":"https:\/\/www.poplineboutique.be\/shop\/wp-json\/wp\/v2\/media?parent=15867"}],"wp:term":[{"taxonomy":"pwb-brand","embeddable":true,"href":"https:\/\/www.poplineboutique.be\/shop\/wp-json\/wp\/v2\/pwb-brand?post=15867"},{"taxonomy":"product_brand","embeddable":true,"href":"https:\/\/www.poplineboutique.be\/shop\/wp-json\/wp\/v2\/product_brand?post=15867"},{"taxonomy":"product_cat","embeddable":true,"href":"https:\/\/www.poplineboutique.be\/shop\/wp-json\/wp\/v2\/product_cat?post=15867"},{"taxonomy":"product_tag","embeddable":true,"href":"https:\/\/www.poplineboutique.be\/shop\/wp-json\/wp\/v2\/product_tag?post=15867"}],"curies":[{"name":"wp","href":"https:\/\/api.w.org\/{rel}","templated":true}]}}