{"id":16098,"date":"2022-10-12T16:25:29","date_gmt":"2022-10-12T14:25:29","guid":{"rendered":"https:\/\/www.poplineboutique.be\/shop\/?post_type=product&#038;p=16098"},"modified":"2026-04-29T13:04:11","modified_gmt":"2026-04-29T11:04:11","slug":"apres-shampoing-tous-types-cheveux","status":"publish","type":"product","link":"https:\/\/www.poplineboutique.be\/shop\/produit\/apres-shampoing-tous-types-cheveux\/","title":{"rendered":"Apr\u00e8s-shampoing tous types de cheveux bio Avril"},"content":{"rendered":"<ul>\n<li>Convient \u00e0 tous les types de cheveux<\/li>\n<li>D\u00e9m\u00eale, assouplit et adoucit la chevelure<\/li>\n<li>Aux huiles essentielles d\u2019orange douce, citron et pamplemousse bio<\/li>\n<li>Certifi\u00e9 bio par Ecocert<\/li>\n<li>Produit v\u00e9gan<\/li>\n<li>Fabriqu\u00e9 en France<\/li>\n<li>Contenance : 200 ml<\/li>\n<\/ul>\n","protected":false},"excerpt":{"rendered":"<p><strong>L&rsquo;apr\u00e8s-shampoing tous types de cheveux certifi\u00e9 bio Avril<\/strong> compl\u00e8te admirablement l&rsquo;\u00e9tape shampoing : il d\u00e9m\u00eale, assouplit et adoucit la chevelure. Il parfume agr\u00e9ablement ce\u00a0moment bien-\u00eatre gr\u00e2ce aux huiles essentielles bio contenues dans sa formule.<\/p>\n","protected":false},"featured_media":16100,"template":"","meta":{"_monsterinsights_skip_tracking":false,"_monsterinsights_sitenote_active":false,"_monsterinsights_sitenote_note":"","_monsterinsights_sitenote_category":0},"pwb-brand":[701],"product_brand":[],"product_cat":[364],"product_tag":[],"class_list":{"0":"post-16098","1":"product","2":"type-product","3":"status-publish","4":"has-post-thumbnail","6":"pwb-brand-avril","7":"product_cat-cheveux","9":"first","10":"instock","11":"taxable","12":"shipping-taxable","13":"purchasable","14":"product-type-simple"},"yoast_head":"<!-- This site is optimized with the Yoast SEO plugin v25.6 - https:\/\/yoast.com\/wordpress\/plugins\/seo\/ -->\n<title>Apr\u00e8s-shampoing tous types de cheveux bio Avril - Pop&#039;line<\/title>\n<meta name=\"robots\" content=\"index, follow, max-snippet:-1, max-image-preview:large, max-video-preview:-1\" \/>\n<link rel=\"canonical\" href=\"https:\/\/www.poplineboutique.be\/shop\/produit\/apres-shampoing-tous-types-cheveux\/\" \/>\n<meta property=\"og:locale\" content=\"fr_FR\" \/>\n<meta property=\"og:type\" content=\"article\" \/>\n<meta property=\"og:title\" content=\"Apr\u00e8s-shampoing tous types de cheveux bio Avril - Pop&#039;line\" \/>\n<meta property=\"og:description\" content=\"L&#039;apr\u00e8s-shampoing tous types de cheveux certifi\u00e9 bio Avril compl\u00e8te admirablement l&#039;\u00e9tape shampoing : il d\u00e9m\u00eale, assouplit et adoucit la chevelure. Il parfume agr\u00e9ablement ce\u00a0moment bien-\u00eatre gr\u00e2ce aux huiles essentielles bio contenues dans sa formule.\" \/>\n<meta property=\"og:url\" content=\"https:\/\/www.poplineboutique.be\/shop\/produit\/apres-shampoing-tous-types-cheveux\/\" \/>\n<meta property=\"og:site_name\" content=\"Pop&#039;line\" \/>\n<meta property=\"article:publisher\" content=\"https:\/\/www.facebook.com\/boutiquepopline\/\" \/>\n<meta property=\"article:modified_time\" content=\"2026-04-29T11:04:11+00:00\" \/>\n<meta property=\"og:image\" content=\"https:\/\/www.poplineboutique.be\/shop\/wp-content\/uploads\/2022\/10\/Apres-shampooing-tous-types-de-cheveux.jpg\" \/>\n\t<meta property=\"og:image:width\" content=\"1000\" \/>\n\t<meta property=\"og:image:height\" content=\"1000\" \/>\n\t<meta property=\"og:image:type\" content=\"image\/jpeg\" \/>\n<meta name=\"twitter:card\" content=\"summary_large_image\" \/>\n<meta name=\"twitter:label1\" content=\"Dur\u00e9e de lecture estim\u00e9e\" \/>\n\t<meta name=\"twitter:data1\" content=\"1 minute\" \/>\n<script type=\"application\/ld+json\" class=\"yoast-schema-graph\">{\"@context\":\"https:\/\/schema.org\",\"@graph\":[{\"@type\":\"WebPage\",\"@id\":\"https:\/\/www.poplineboutique.be\/shop\/produit\/apres-shampoing-tous-types-cheveux\/\",\"url\":\"https:\/\/www.poplineboutique.be\/shop\/produit\/apres-shampoing-tous-types-cheveux\/\",\"name\":\"Apr\u00e8s-shampoing tous types de cheveux bio Avril - Pop&#039;line\",\"isPartOf\":{\"@id\":\"https:\/\/www.poplineboutique.be\/shop\/#website\"},\"primaryImageOfPage\":{\"@id\":\"https:\/\/www.poplineboutique.be\/shop\/produit\/apres-shampoing-tous-types-cheveux\/#primaryimage\"},\"image\":{\"@id\":\"https:\/\/www.poplineboutique.be\/shop\/produit\/apres-shampoing-tous-types-cheveux\/#primaryimage\"},\"thumbnailUrl\":\"https:\/\/www.poplineboutique.be\/shop\/wp-content\/uploads\/2022\/10\/Apres-shampooing-tous-types-de-cheveux.jpg?wsr\",\"datePublished\":\"2022-10-12T14:25:29+00:00\",\"dateModified\":\"2026-04-29T11:04:11+00:00\",\"breadcrumb\":{\"@id\":\"https:\/\/www.poplineboutique.be\/shop\/produit\/apres-shampoing-tous-types-cheveux\/#breadcrumb\"},\"inLanguage\":\"fr-FR\",\"potentialAction\":[{\"@type\":\"ReadAction\",\"target\":[\"https:\/\/www.poplineboutique.be\/shop\/produit\/apres-shampoing-tous-types-cheveux\/\"]}]},{\"@type\":\"ImageObject\",\"inLanguage\":\"fr-FR\",\"@id\":\"https:\/\/www.poplineboutique.be\/shop\/produit\/apres-shampoing-tous-types-cheveux\/#primaryimage\",\"url\":\"https:\/\/www.poplineboutique.be\/shop\/wp-content\/uploads\/2022\/10\/Apres-shampooing-tous-types-de-cheveux.jpg?wsr\",\"contentUrl\":\"https:\/\/www.poplineboutique.be\/shop\/wp-content\/uploads\/2022\/10\/Apres-shampooing-tous-types-de-cheveux.jpg?wsr\",\"width\":1000,\"height\":1000},{\"@type\":\"BreadcrumbList\",\"@id\":\"https:\/\/www.poplineboutique.be\/shop\/produit\/apres-shampoing-tous-types-cheveux\/#breadcrumb\",\"itemListElement\":[{\"@type\":\"ListItem\",\"position\":1,\"name\":\"Accueil\",\"item\":\"https:\/\/www.poplineboutique.be\/shop\/\"},{\"@type\":\"ListItem\",\"position\":2,\"name\":\"Boutique\",\"item\":\"https:\/\/www.poplineboutique.be\/shop\/boutique\/\"},{\"@type\":\"ListItem\",\"position\":3,\"name\":\"Apr\u00e8s-shampoing tous types de cheveux bio Avril\"}]},{\"@type\":\"WebSite\",\"@id\":\"https:\/\/www.poplineboutique.be\/shop\/#website\",\"url\":\"https:\/\/www.poplineboutique.be\/shop\/\",\"name\":\"Pop&#039;line\",\"description\":\"Boutique de produits naturels et \u00e9co-responsables\",\"publisher\":{\"@id\":\"https:\/\/www.poplineboutique.be\/shop\/#organization\"},\"potentialAction\":[{\"@type\":\"SearchAction\",\"target\":{\"@type\":\"EntryPoint\",\"urlTemplate\":\"https:\/\/www.poplineboutique.be\/shop\/?s={search_term_string}\"},\"query-input\":{\"@type\":\"PropertyValueSpecification\",\"valueRequired\":true,\"valueName\":\"search_term_string\"}}],\"inLanguage\":\"fr-FR\"},{\"@type\":\"Organization\",\"@id\":\"https:\/\/www.poplineboutique.be\/shop\/#organization\",\"name\":\"POP'LINE\",\"url\":\"https:\/\/www.poplineboutique.be\/shop\/\",\"logo\":{\"@type\":\"ImageObject\",\"inLanguage\":\"fr-FR\",\"@id\":\"https:\/\/www.poplineboutique.be\/shop\/#\/schema\/logo\/image\/\",\"url\":\"https:\/\/www.poplineboutique.be\/shop\/wp-content\/uploads\/2021\/08\/Popline_NaturalShop.png?wsr\",\"contentUrl\":\"https:\/\/www.poplineboutique.be\/shop\/wp-content\/uploads\/2021\/08\/Popline_NaturalShop.png?wsr\",\"width\":1080,\"height\":924,\"caption\":\"POP'LINE\"},\"image\":{\"@id\":\"https:\/\/www.poplineboutique.be\/shop\/#\/schema\/logo\/image\/\"},\"sameAs\":[\"https:\/\/www.facebook.com\/boutiquepopline\/\",\"https:\/\/instagram.com\/boutiquepopline\",\"https:\/\/www.pinterest.com\/boutiquepopline\"]}]}<\/script>\n<!-- \/ Yoast SEO plugin. -->","yoast_head_json":{"title":"Apr\u00e8s-shampoing tous types de cheveux bio Avril - Pop&#039;line","robots":{"index":"index","follow":"follow","max-snippet":"max-snippet:-1","max-image-preview":"max-image-preview:large","max-video-preview":"max-video-preview:-1"},"canonical":"https:\/\/www.poplineboutique.be\/shop\/produit\/apres-shampoing-tous-types-cheveux\/","og_locale":"fr_FR","og_type":"article","og_title":"Apr\u00e8s-shampoing tous types de cheveux bio Avril - Pop&#039;line","og_description":"L'apr\u00e8s-shampoing tous types de cheveux certifi\u00e9 bio Avril compl\u00e8te admirablement l'\u00e9tape shampoing : il d\u00e9m\u00eale, assouplit et adoucit la chevelure. Il parfume agr\u00e9ablement ce\u00a0moment bien-\u00eatre gr\u00e2ce aux huiles essentielles bio contenues dans sa formule.","og_url":"https:\/\/www.poplineboutique.be\/shop\/produit\/apres-shampoing-tous-types-cheveux\/","og_site_name":"Pop&#039;line","article_publisher":"https:\/\/www.facebook.com\/boutiquepopline\/","article_modified_time":"2026-04-29T11:04:11+00:00","og_image":[{"width":1000,"height":1000,"url":"https:\/\/www.poplineboutique.be\/shop\/wp-content\/uploads\/2022\/10\/Apres-shampooing-tous-types-de-cheveux.jpg","type":"image\/jpeg"}],"twitter_card":"summary_large_image","twitter_misc":{"Dur\u00e9e de lecture estim\u00e9e":"1 minute"},"schema":{"@context":"https:\/\/schema.org","@graph":[{"@type":"WebPage","@id":"https:\/\/www.poplineboutique.be\/shop\/produit\/apres-shampoing-tous-types-cheveux\/","url":"https:\/\/www.poplineboutique.be\/shop\/produit\/apres-shampoing-tous-types-cheveux\/","name":"Apr\u00e8s-shampoing tous types de cheveux bio Avril - Pop&#039;line","isPartOf":{"@id":"https:\/\/www.poplineboutique.be\/shop\/#website"},"primaryImageOfPage":{"@id":"https:\/\/www.poplineboutique.be\/shop\/produit\/apres-shampoing-tous-types-cheveux\/#primaryimage"},"image":{"@id":"https:\/\/www.poplineboutique.be\/shop\/produit\/apres-shampoing-tous-types-cheveux\/#primaryimage"},"thumbnailUrl":"https:\/\/www.poplineboutique.be\/shop\/wp-content\/uploads\/2022\/10\/Apres-shampooing-tous-types-de-cheveux.jpg?wsr","datePublished":"2022-10-12T14:25:29+00:00","dateModified":"2026-04-29T11:04:11+00:00","breadcrumb":{"@id":"https:\/\/www.poplineboutique.be\/shop\/produit\/apres-shampoing-tous-types-cheveux\/#breadcrumb"},"inLanguage":"fr-FR","potentialAction":[{"@type":"ReadAction","target":["https:\/\/www.poplineboutique.be\/shop\/produit\/apres-shampoing-tous-types-cheveux\/"]}]},{"@type":"ImageObject","inLanguage":"fr-FR","@id":"https:\/\/www.poplineboutique.be\/shop\/produit\/apres-shampoing-tous-types-cheveux\/#primaryimage","url":"https:\/\/www.poplineboutique.be\/shop\/wp-content\/uploads\/2022\/10\/Apres-shampooing-tous-types-de-cheveux.jpg?wsr","contentUrl":"https:\/\/www.poplineboutique.be\/shop\/wp-content\/uploads\/2022\/10\/Apres-shampooing-tous-types-de-cheveux.jpg?wsr","width":1000,"height":1000},{"@type":"BreadcrumbList","@id":"https:\/\/www.poplineboutique.be\/shop\/produit\/apres-shampoing-tous-types-cheveux\/#breadcrumb","itemListElement":[{"@type":"ListItem","position":1,"name":"Accueil","item":"https:\/\/www.poplineboutique.be\/shop\/"},{"@type":"ListItem","position":2,"name":"Boutique","item":"https:\/\/www.poplineboutique.be\/shop\/boutique\/"},{"@type":"ListItem","position":3,"name":"Apr\u00e8s-shampoing tous types de cheveux bio Avril"}]},{"@type":"WebSite","@id":"https:\/\/www.poplineboutique.be\/shop\/#website","url":"https:\/\/www.poplineboutique.be\/shop\/","name":"Pop&#039;line","description":"Boutique de produits naturels et \u00e9co-responsables","publisher":{"@id":"https:\/\/www.poplineboutique.be\/shop\/#organization"},"potentialAction":[{"@type":"SearchAction","target":{"@type":"EntryPoint","urlTemplate":"https:\/\/www.poplineboutique.be\/shop\/?s={search_term_string}"},"query-input":{"@type":"PropertyValueSpecification","valueRequired":true,"valueName":"search_term_string"}}],"inLanguage":"fr-FR"},{"@type":"Organization","@id":"https:\/\/www.poplineboutique.be\/shop\/#organization","name":"POP'LINE","url":"https:\/\/www.poplineboutique.be\/shop\/","logo":{"@type":"ImageObject","inLanguage":"fr-FR","@id":"https:\/\/www.poplineboutique.be\/shop\/#\/schema\/logo\/image\/","url":"https:\/\/www.poplineboutique.be\/shop\/wp-content\/uploads\/2021\/08\/Popline_NaturalShop.png?wsr","contentUrl":"https:\/\/www.poplineboutique.be\/shop\/wp-content\/uploads\/2021\/08\/Popline_NaturalShop.png?wsr","width":1080,"height":924,"caption":"POP'LINE"},"image":{"@id":"https:\/\/www.poplineboutique.be\/shop\/#\/schema\/logo\/image\/"},"sameAs":["https:\/\/www.facebook.com\/boutiquepopline\/","https:\/\/instagram.com\/boutiquepopline","https:\/\/www.pinterest.com\/boutiquepopline"]}]}},"jetpack_sharing_enabled":true,"brands":[{"id":701,"name":"Avril","slug":"avril"}],"_links":{"self":[{"href":"https:\/\/www.poplineboutique.be\/shop\/wp-json\/wp\/v2\/product\/16098"}],"collection":[{"href":"https:\/\/www.poplineboutique.be\/shop\/wp-json\/wp\/v2\/product"}],"about":[{"href":"https:\/\/www.poplineboutique.be\/shop\/wp-json\/wp\/v2\/types\/product"}],"version-history":[{"count":4,"href":"https:\/\/www.poplineboutique.be\/shop\/wp-json\/wp\/v2\/product\/16098\/revisions"}],"predecessor-version":[{"id":19485,"href":"https:\/\/www.poplineboutique.be\/shop\/wp-json\/wp\/v2\/product\/16098\/revisions\/19485"}],"wp:featuredmedia":[{"embeddable":true,"href":"https:\/\/www.poplineboutique.be\/shop\/wp-json\/wp\/v2\/media\/16100"}],"wp:attachment":[{"href":"https:\/\/www.poplineboutique.be\/shop\/wp-json\/wp\/v2\/media?parent=16098"}],"wp:term":[{"taxonomy":"pwb-brand","embeddable":true,"href":"https:\/\/www.poplineboutique.be\/shop\/wp-json\/wp\/v2\/pwb-brand?post=16098"},{"taxonomy":"product_brand","embeddable":true,"href":"https:\/\/www.poplineboutique.be\/shop\/wp-json\/wp\/v2\/product_brand?post=16098"},{"taxonomy":"product_cat","embeddable":true,"href":"https:\/\/www.poplineboutique.be\/shop\/wp-json\/wp\/v2\/product_cat?post=16098"},{"taxonomy":"product_tag","embeddable":true,"href":"https:\/\/www.poplineboutique.be\/shop\/wp-json\/wp\/v2\/product_tag?post=16098"}],"curies":[{"name":"wp","href":"https:\/\/api.w.org\/{rel}","templated":true}]}}