{"id":18202,"date":"2022-11-02T16:51:35","date_gmt":"2022-11-02T15:51:35","guid":{"rendered":"https:\/\/www.poplineboutique.be\/shop\/?post_type=product&#038;p=18202"},"modified":"2026-04-02T18:09:18","modified_gmt":"2026-04-02T16:09:18","slug":"mirage-desert-50ml","status":"publish","type":"product","link":"https:\/\/www.poplineboutique.be\/shop\/produit\/mirage-desert-50ml\/","title":{"rendered":"Mirage du D\u00e9sert &#8211; Eau de toilette 100BON"},"content":{"rendered":"<ul>\n<li>Bienfait : R\u00e9confortant<\/li>\n<li>Famille olfactive : Bois\u00e9s \u2013 \u00c9pic\u00e9s<\/li>\n<li>Notes : \u00c9pices, bois et musc v\u00e9g\u00e9tal<\/li>\n<li>Contenance : 50 ml<\/li>\n<li>Parfum Naturel, Vegan &amp; Cruelty free<\/li>\n<li>Labelis\u00e9 Slow Cosm\u00e9tique<\/li>\n<li>Fabriqu\u00e9 en France<\/li>\n<\/ul>\n","protected":false},"excerpt":{"rendered":"<p>Inspir\u00e9es de la parfumerie conventionnelle, d\u00e9couvrez les <strong>eaux de toilette 100BON<\/strong>, v\u00e9ritables r\u00e9interpr\u00e9tations naturelles des grands classiques de la parfumerie. Laissez-vous inspirez par ces voyages olfactifs reformul\u00e9s \u00e0 96% d\u2019ingr\u00e9dients naturels\u2026<\/p>\n<p><strong>Mirage du D\u00e9sert :<\/strong> Un souffle chaud, sensuel et r\u00e9confortant d\u2019\u00e9pices et de bois pr\u00e9cieux. Le r\u00eave voluptueux d\u2019une escapade au c\u0153ur d\u2019un oasis, dans le d\u00e9sert d\u2019Arabie.<\/p>\n","protected":false},"featured_media":21842,"template":"","meta":{"_monsterinsights_skip_tracking":false,"_monsterinsights_sitenote_active":false,"_monsterinsights_sitenote_note":"","_monsterinsights_sitenote_category":0},"pwb-brand":[700],"product_brand":[],"product_cat":[818,812],"product_tag":[753],"class_list":{"0":"post-18202","1":"product","2":"type-product","3":"status-publish","4":"has-post-thumbnail","6":"pwb-brand-100bon","7":"product_cat-idees-cadeaux","8":"product_cat-parfums","9":"product_tag-idee-cadeau","11":"first","12":"instock","13":"taxable","14":"shipping-taxable","15":"purchasable","16":"product-type-simple"},"yoast_head":"<!-- This site is optimized with the Yoast SEO plugin v25.6 - https:\/\/yoast.com\/wordpress\/plugins\/seo\/ -->\n<title>Mirage du D\u00e9sert - Eau de toilette 100BON - Pop&#039;line<\/title>\n<meta name=\"robots\" content=\"index, follow, max-snippet:-1, max-image-preview:large, max-video-preview:-1\" \/>\n<link rel=\"canonical\" href=\"https:\/\/www.poplineboutique.be\/shop\/produit\/mirage-desert-50ml\/\" \/>\n<meta property=\"og:locale\" content=\"fr_FR\" \/>\n<meta property=\"og:type\" content=\"article\" \/>\n<meta property=\"og:title\" content=\"Mirage du D\u00e9sert - Eau de toilette 100BON - Pop&#039;line\" \/>\n<meta property=\"og:description\" content=\"Inspir\u00e9es de la parfumerie conventionnelle, d\u00e9couvrez les eaux de toilette 100BON, v\u00e9ritables r\u00e9interpr\u00e9tations naturelles des grands classiques de la parfumerie. Laissez-vous inspirez par ces voyages olfactifs reformul\u00e9s \u00e0 96% d\u2019ingr\u00e9dients naturels\u2026  Mirage du D\u00e9sert : Un souffle chaud, sensuel et r\u00e9confortant d\u2019\u00e9pices et de bois pr\u00e9cieux. Le r\u00eave voluptueux d\u2019une escapade au c\u0153ur d\u2019un oasis, dans le d\u00e9sert d\u2019Arabie.\" \/>\n<meta property=\"og:url\" content=\"https:\/\/www.poplineboutique.be\/shop\/produit\/mirage-desert-50ml\/\" \/>\n<meta property=\"og:site_name\" content=\"Pop&#039;line\" \/>\n<meta property=\"article:publisher\" content=\"https:\/\/www.facebook.com\/boutiquepopline\/\" \/>\n<meta property=\"article:modified_time\" content=\"2026-04-02T16:09:18+00:00\" \/>\n<meta property=\"og:image\" content=\"https:\/\/www.poplineboutique.be\/shop\/wp-content\/uploads\/2022\/04\/100BON-Mirage-du-desert-50ml.webp?wsr\" \/>\n\t<meta property=\"og:image:width\" content=\"1000\" \/>\n\t<meta property=\"og:image:height\" content=\"1000\" \/>\n\t<meta property=\"og:image:type\" content=\"image\/webp\" \/>\n<meta name=\"twitter:card\" content=\"summary_large_image\" \/>\n<meta name=\"twitter:label1\" content=\"Dur\u00e9e de lecture estim\u00e9e\" \/>\n\t<meta name=\"twitter:data1\" content=\"1 minute\" \/>\n<script type=\"application\/ld+json\" class=\"yoast-schema-graph\">{\"@context\":\"https:\/\/schema.org\",\"@graph\":[{\"@type\":\"WebPage\",\"@id\":\"https:\/\/www.poplineboutique.be\/shop\/produit\/mirage-desert-50ml\/\",\"url\":\"https:\/\/www.poplineboutique.be\/shop\/produit\/mirage-desert-50ml\/\",\"name\":\"Mirage du D\u00e9sert - Eau de toilette 100BON - Pop&#039;line\",\"isPartOf\":{\"@id\":\"https:\/\/www.poplineboutique.be\/shop\/#website\"},\"primaryImageOfPage\":{\"@id\":\"https:\/\/www.poplineboutique.be\/shop\/produit\/mirage-desert-50ml\/#primaryimage\"},\"image\":{\"@id\":\"https:\/\/www.poplineboutique.be\/shop\/produit\/mirage-desert-50ml\/#primaryimage\"},\"thumbnailUrl\":\"https:\/\/www.poplineboutique.be\/shop\/wp-content\/uploads\/2022\/04\/100BON-Mirage-du-desert-50ml.webp?wsr\",\"datePublished\":\"2022-11-02T15:51:35+00:00\",\"dateModified\":\"2026-04-02T16:09:18+00:00\",\"breadcrumb\":{\"@id\":\"https:\/\/www.poplineboutique.be\/shop\/produit\/mirage-desert-50ml\/#breadcrumb\"},\"inLanguage\":\"fr-FR\",\"potentialAction\":[{\"@type\":\"ReadAction\",\"target\":[\"https:\/\/www.poplineboutique.be\/shop\/produit\/mirage-desert-50ml\/\"]}]},{\"@type\":\"ImageObject\",\"inLanguage\":\"fr-FR\",\"@id\":\"https:\/\/www.poplineboutique.be\/shop\/produit\/mirage-desert-50ml\/#primaryimage\",\"url\":\"https:\/\/www.poplineboutique.be\/shop\/wp-content\/uploads\/2022\/04\/100BON-Mirage-du-desert-50ml.webp?wsr\",\"contentUrl\":\"https:\/\/www.poplineboutique.be\/shop\/wp-content\/uploads\/2022\/04\/100BON-Mirage-du-desert-50ml.webp?wsr\",\"width\":1000,\"height\":1000},{\"@type\":\"BreadcrumbList\",\"@id\":\"https:\/\/www.poplineboutique.be\/shop\/produit\/mirage-desert-50ml\/#breadcrumb\",\"itemListElement\":[{\"@type\":\"ListItem\",\"position\":1,\"name\":\"Accueil\",\"item\":\"https:\/\/www.poplineboutique.be\/shop\/\"},{\"@type\":\"ListItem\",\"position\":2,\"name\":\"Boutique\",\"item\":\"https:\/\/www.poplineboutique.be\/shop\/boutique\/\"},{\"@type\":\"ListItem\",\"position\":3,\"name\":\"Mirage du D\u00e9sert &#8211; Eau de toilette 100BON\"}]},{\"@type\":\"WebSite\",\"@id\":\"https:\/\/www.poplineboutique.be\/shop\/#website\",\"url\":\"https:\/\/www.poplineboutique.be\/shop\/\",\"name\":\"Pop&#039;line\",\"description\":\"Boutique de produits naturels et \u00e9co-responsables\",\"publisher\":{\"@id\":\"https:\/\/www.poplineboutique.be\/shop\/#organization\"},\"potentialAction\":[{\"@type\":\"SearchAction\",\"target\":{\"@type\":\"EntryPoint\",\"urlTemplate\":\"https:\/\/www.poplineboutique.be\/shop\/?s={search_term_string}\"},\"query-input\":{\"@type\":\"PropertyValueSpecification\",\"valueRequired\":true,\"valueName\":\"search_term_string\"}}],\"inLanguage\":\"fr-FR\"},{\"@type\":\"Organization\",\"@id\":\"https:\/\/www.poplineboutique.be\/shop\/#organization\",\"name\":\"POP'LINE\",\"url\":\"https:\/\/www.poplineboutique.be\/shop\/\",\"logo\":{\"@type\":\"ImageObject\",\"inLanguage\":\"fr-FR\",\"@id\":\"https:\/\/www.poplineboutique.be\/shop\/#\/schema\/logo\/image\/\",\"url\":\"https:\/\/www.poplineboutique.be\/shop\/wp-content\/uploads\/2021\/08\/Popline_NaturalShop.png?wsr\",\"contentUrl\":\"https:\/\/www.poplineboutique.be\/shop\/wp-content\/uploads\/2021\/08\/Popline_NaturalShop.png?wsr\",\"width\":1080,\"height\":924,\"caption\":\"POP'LINE\"},\"image\":{\"@id\":\"https:\/\/www.poplineboutique.be\/shop\/#\/schema\/logo\/image\/\"},\"sameAs\":[\"https:\/\/www.facebook.com\/boutiquepopline\/\",\"https:\/\/instagram.com\/boutiquepopline\",\"https:\/\/www.pinterest.com\/boutiquepopline\"]}]}<\/script>\n<!-- \/ Yoast SEO plugin. -->","yoast_head_json":{"title":"Mirage du D\u00e9sert - Eau de toilette 100BON - Pop&#039;line","robots":{"index":"index","follow":"follow","max-snippet":"max-snippet:-1","max-image-preview":"max-image-preview:large","max-video-preview":"max-video-preview:-1"},"canonical":"https:\/\/www.poplineboutique.be\/shop\/produit\/mirage-desert-50ml\/","og_locale":"fr_FR","og_type":"article","og_title":"Mirage du D\u00e9sert - Eau de toilette 100BON - Pop&#039;line","og_description":"Inspir\u00e9es de la parfumerie conventionnelle, d\u00e9couvrez les eaux de toilette 100BON, v\u00e9ritables r\u00e9interpr\u00e9tations naturelles des grands classiques de la parfumerie. Laissez-vous inspirez par ces voyages olfactifs reformul\u00e9s \u00e0 96% d\u2019ingr\u00e9dients naturels\u2026  Mirage du D\u00e9sert : Un souffle chaud, sensuel et r\u00e9confortant d\u2019\u00e9pices et de bois pr\u00e9cieux. Le r\u00eave voluptueux d\u2019une escapade au c\u0153ur d\u2019un oasis, dans le d\u00e9sert d\u2019Arabie.","og_url":"https:\/\/www.poplineboutique.be\/shop\/produit\/mirage-desert-50ml\/","og_site_name":"Pop&#039;line","article_publisher":"https:\/\/www.facebook.com\/boutiquepopline\/","article_modified_time":"2026-04-02T16:09:18+00:00","og_image":[{"width":1000,"height":1000,"url":"https:\/\/www.poplineboutique.be\/shop\/wp-content\/uploads\/2022\/04\/100BON-Mirage-du-desert-50ml.webp?wsr","type":"image\/webp"}],"twitter_card":"summary_large_image","twitter_misc":{"Dur\u00e9e de lecture estim\u00e9e":"1 minute"},"schema":{"@context":"https:\/\/schema.org","@graph":[{"@type":"WebPage","@id":"https:\/\/www.poplineboutique.be\/shop\/produit\/mirage-desert-50ml\/","url":"https:\/\/www.poplineboutique.be\/shop\/produit\/mirage-desert-50ml\/","name":"Mirage du D\u00e9sert - Eau de toilette 100BON - Pop&#039;line","isPartOf":{"@id":"https:\/\/www.poplineboutique.be\/shop\/#website"},"primaryImageOfPage":{"@id":"https:\/\/www.poplineboutique.be\/shop\/produit\/mirage-desert-50ml\/#primaryimage"},"image":{"@id":"https:\/\/www.poplineboutique.be\/shop\/produit\/mirage-desert-50ml\/#primaryimage"},"thumbnailUrl":"https:\/\/www.poplineboutique.be\/shop\/wp-content\/uploads\/2022\/04\/100BON-Mirage-du-desert-50ml.webp?wsr","datePublished":"2022-11-02T15:51:35+00:00","dateModified":"2026-04-02T16:09:18+00:00","breadcrumb":{"@id":"https:\/\/www.poplineboutique.be\/shop\/produit\/mirage-desert-50ml\/#breadcrumb"},"inLanguage":"fr-FR","potentialAction":[{"@type":"ReadAction","target":["https:\/\/www.poplineboutique.be\/shop\/produit\/mirage-desert-50ml\/"]}]},{"@type":"ImageObject","inLanguage":"fr-FR","@id":"https:\/\/www.poplineboutique.be\/shop\/produit\/mirage-desert-50ml\/#primaryimage","url":"https:\/\/www.poplineboutique.be\/shop\/wp-content\/uploads\/2022\/04\/100BON-Mirage-du-desert-50ml.webp?wsr","contentUrl":"https:\/\/www.poplineboutique.be\/shop\/wp-content\/uploads\/2022\/04\/100BON-Mirage-du-desert-50ml.webp?wsr","width":1000,"height":1000},{"@type":"BreadcrumbList","@id":"https:\/\/www.poplineboutique.be\/shop\/produit\/mirage-desert-50ml\/#breadcrumb","itemListElement":[{"@type":"ListItem","position":1,"name":"Accueil","item":"https:\/\/www.poplineboutique.be\/shop\/"},{"@type":"ListItem","position":2,"name":"Boutique","item":"https:\/\/www.poplineboutique.be\/shop\/boutique\/"},{"@type":"ListItem","position":3,"name":"Mirage du D\u00e9sert &#8211; Eau de toilette 100BON"}]},{"@type":"WebSite","@id":"https:\/\/www.poplineboutique.be\/shop\/#website","url":"https:\/\/www.poplineboutique.be\/shop\/","name":"Pop&#039;line","description":"Boutique de produits naturels et \u00e9co-responsables","publisher":{"@id":"https:\/\/www.poplineboutique.be\/shop\/#organization"},"potentialAction":[{"@type":"SearchAction","target":{"@type":"EntryPoint","urlTemplate":"https:\/\/www.poplineboutique.be\/shop\/?s={search_term_string}"},"query-input":{"@type":"PropertyValueSpecification","valueRequired":true,"valueName":"search_term_string"}}],"inLanguage":"fr-FR"},{"@type":"Organization","@id":"https:\/\/www.poplineboutique.be\/shop\/#organization","name":"POP'LINE","url":"https:\/\/www.poplineboutique.be\/shop\/","logo":{"@type":"ImageObject","inLanguage":"fr-FR","@id":"https:\/\/www.poplineboutique.be\/shop\/#\/schema\/logo\/image\/","url":"https:\/\/www.poplineboutique.be\/shop\/wp-content\/uploads\/2021\/08\/Popline_NaturalShop.png?wsr","contentUrl":"https:\/\/www.poplineboutique.be\/shop\/wp-content\/uploads\/2021\/08\/Popline_NaturalShop.png?wsr","width":1080,"height":924,"caption":"POP'LINE"},"image":{"@id":"https:\/\/www.poplineboutique.be\/shop\/#\/schema\/logo\/image\/"},"sameAs":["https:\/\/www.facebook.com\/boutiquepopline\/","https:\/\/instagram.com\/boutiquepopline","https:\/\/www.pinterest.com\/boutiquepopline"]}]}},"jetpack_sharing_enabled":true,"brands":[{"id":700,"name":"100BON","slug":"100bon"}],"_links":{"self":[{"href":"https:\/\/www.poplineboutique.be\/shop\/wp-json\/wp\/v2\/product\/18202"}],"collection":[{"href":"https:\/\/www.poplineboutique.be\/shop\/wp-json\/wp\/v2\/product"}],"about":[{"href":"https:\/\/www.poplineboutique.be\/shop\/wp-json\/wp\/v2\/types\/product"}],"version-history":[{"count":3,"href":"https:\/\/www.poplineboutique.be\/shop\/wp-json\/wp\/v2\/product\/18202\/revisions"}],"predecessor-version":[{"id":21848,"href":"https:\/\/www.poplineboutique.be\/shop\/wp-json\/wp\/v2\/product\/18202\/revisions\/21848"}],"wp:featuredmedia":[{"embeddable":true,"href":"https:\/\/www.poplineboutique.be\/shop\/wp-json\/wp\/v2\/media\/21842"}],"wp:attachment":[{"href":"https:\/\/www.poplineboutique.be\/shop\/wp-json\/wp\/v2\/media?parent=18202"}],"wp:term":[{"taxonomy":"pwb-brand","embeddable":true,"href":"https:\/\/www.poplineboutique.be\/shop\/wp-json\/wp\/v2\/pwb-brand?post=18202"},{"taxonomy":"product_brand","embeddable":true,"href":"https:\/\/www.poplineboutique.be\/shop\/wp-json\/wp\/v2\/product_brand?post=18202"},{"taxonomy":"product_cat","embeddable":true,"href":"https:\/\/www.poplineboutique.be\/shop\/wp-json\/wp\/v2\/product_cat?post=18202"},{"taxonomy":"product_tag","embeddable":true,"href":"https:\/\/www.poplineboutique.be\/shop\/wp-json\/wp\/v2\/product_tag?post=18202"}],"curies":[{"name":"wp","href":"https:\/\/api.w.org\/{rel}","templated":true}]}}