{"id":19768,"date":"2024-07-27T16:11:22","date_gmt":"2024-07-27T14:11:22","guid":{"rendered":"https:\/\/www.poplineboutique.be\/shop\/?post_type=product&#038;p=19768"},"modified":"2026-04-01T16:48:17","modified_gmt":"2026-04-01T14:48:17","slug":"bougie-yoku-nuit-etoiles","status":"publish","type":"product","link":"https:\/\/www.poplineboutique.be\/shop\/produit\/bougie-yoku-nuit-etoiles\/","title":{"rendered":"Bougie parfum\u00e9e Yoku \u00ab\u00a0Nuit sous les \u00e9toiles\u00a0\u00bb"},"content":{"rendered":"<ul>\n<li>Fabriqu\u00e9e \u00e0 la main, en Belgique<\/li>\n<li>Cire de soja sans OGM (origine France), v\u00e9g\u00e9tale, biod\u00e9gradable et non toxique<\/li>\n<li>Parfum de Grasse sans CMR et sans phtalates<\/li>\n<li>M\u00e8che en coton \u00e9tiquette en papier recycl\u00e9 sans chlore<\/li>\n<li>Pot en verre transparent de 120ML \/ 250ML &#8211; Couvercle en alu dor\u00e9<\/li>\n<li>Temps de diffusion : environ 20\/40 heures<\/li>\n<li>Dimensions du contenant :\u00a0 Diam. 58mm &#8211; H 62mm \/\u00a0Diam. 70mm &#8211; H 90mm<\/li>\n<\/ul>\n","protected":false},"excerpt":{"rendered":"<p>Les <strong>bougies parfum\u00e9es Yoku<\/strong> sont fabriqu\u00e9es \u00e0 la main, en Belgique. Les ingr\u00e9dients utilis\u00e9s pr\u00e9servent votre sant\u00e9 et sont respectueux de l&rsquo;environnement.<\/p>\n<p><strong>\u00ab\u00a0Nuit sous les \u00e9toiles\u00a0\u00bb <\/strong>offre une exp\u00e9rience olfactive unique gr\u00e2ce \u00e0 ses notes soigneusement s\u00e9lectionn\u00e9es qui \u00e9voquent une nuit paisible sous un ciel \u00e9toil\u00e9.<\/p>\n","protected":false},"featured_media":19738,"template":"","meta":{"_monsterinsights_skip_tracking":false,"_monsterinsights_sitenote_active":false,"_monsterinsights_sitenote_note":"","_monsterinsights_sitenote_category":0},"pwb-brand":[813],"product_brand":[],"product_cat":[818,350],"product_tag":[753],"class_list":{"0":"post-19768","1":"product","2":"type-product","3":"status-publish","4":"has-post-thumbnail","6":"pwb-brand-yoku","7":"product_cat-idees-cadeaux","8":"product_cat-bougies","9":"product_tag-idee-cadeau","11":"first","12":"instock","13":"taxable","14":"shipping-taxable","15":"purchasable","16":"product-type-variable"},"yoast_head":"<!-- This site is optimized with the Yoast SEO plugin v25.6 - https:\/\/yoast.com\/wordpress\/plugins\/seo\/ -->\n<title>Bougie parfum\u00e9e Yoku &quot;Nuit sous les \u00e9toiles&quot; - Pop&#039;line<\/title>\n<meta name=\"robots\" content=\"index, follow, max-snippet:-1, max-image-preview:large, max-video-preview:-1\" \/>\n<link rel=\"canonical\" href=\"https:\/\/www.poplineboutique.be\/shop\/produit\/bougie-yoku-nuit-etoiles\/\" \/>\n<meta property=\"og:locale\" content=\"fr_FR\" \/>\n<meta property=\"og:type\" content=\"article\" \/>\n<meta property=\"og:title\" content=\"Bougie parfum\u00e9e Yoku &quot;Nuit sous les \u00e9toiles&quot; - Pop&#039;line\" \/>\n<meta property=\"og:description\" content=\"Les bougies parfum\u00e9es Yoku sont fabriqu\u00e9es \u00e0 la main, en Belgique. Les ingr\u00e9dients utilis\u00e9s pr\u00e9servent votre sant\u00e9 et sont respectueux de l&#039;environnement.  &quot;Nuit sous les \u00e9toiles&quot; offre une exp\u00e9rience olfactive unique gr\u00e2ce \u00e0 ses notes soigneusement s\u00e9lectionn\u00e9es qui \u00e9voquent une nuit paisible sous un ciel \u00e9toil\u00e9.\" \/>\n<meta property=\"og:url\" content=\"https:\/\/www.poplineboutique.be\/shop\/produit\/bougie-yoku-nuit-etoiles\/\" \/>\n<meta property=\"og:site_name\" content=\"Pop&#039;line\" \/>\n<meta property=\"article:publisher\" content=\"https:\/\/www.facebook.com\/boutiquepopline\/\" \/>\n<meta property=\"article:modified_time\" content=\"2026-04-01T14:48:17+00:00\" \/>\n<meta property=\"og:image\" content=\"https:\/\/www.poplineboutique.be\/shop\/wp-content\/uploads\/2024\/07\/Bougie-Yoku-Nuit-sous-les-etoiles.jpg?wsr\" \/>\n\t<meta property=\"og:image:width\" content=\"1000\" \/>\n\t<meta property=\"og:image:height\" content=\"1000\" \/>\n\t<meta property=\"og:image:type\" content=\"image\/jpeg\" \/>\n<meta name=\"twitter:card\" content=\"summary_large_image\" \/>\n<meta name=\"twitter:label1\" content=\"Dur\u00e9e de lecture estim\u00e9e\" \/>\n\t<meta name=\"twitter:data1\" content=\"1 minute\" \/>\n<script type=\"application\/ld+json\" class=\"yoast-schema-graph\">{\"@context\":\"https:\/\/schema.org\",\"@graph\":[{\"@type\":\"WebPage\",\"@id\":\"https:\/\/www.poplineboutique.be\/shop\/produit\/bougie-yoku-nuit-etoiles\/\",\"url\":\"https:\/\/www.poplineboutique.be\/shop\/produit\/bougie-yoku-nuit-etoiles\/\",\"name\":\"Bougie parfum\u00e9e Yoku \\\"Nuit sous les \u00e9toiles\\\" - Pop&#039;line\",\"isPartOf\":{\"@id\":\"https:\/\/www.poplineboutique.be\/shop\/#website\"},\"primaryImageOfPage\":{\"@id\":\"https:\/\/www.poplineboutique.be\/shop\/produit\/bougie-yoku-nuit-etoiles\/#primaryimage\"},\"image\":{\"@id\":\"https:\/\/www.poplineboutique.be\/shop\/produit\/bougie-yoku-nuit-etoiles\/#primaryimage\"},\"thumbnailUrl\":\"https:\/\/www.poplineboutique.be\/shop\/wp-content\/uploads\/2024\/07\/Bougie-Yoku-Nuit-sous-les-etoiles.jpg?wsr\",\"datePublished\":\"2024-07-27T14:11:22+00:00\",\"dateModified\":\"2026-04-01T14:48:17+00:00\",\"breadcrumb\":{\"@id\":\"https:\/\/www.poplineboutique.be\/shop\/produit\/bougie-yoku-nuit-etoiles\/#breadcrumb\"},\"inLanguage\":\"fr-FR\",\"potentialAction\":[{\"@type\":\"ReadAction\",\"target\":[\"https:\/\/www.poplineboutique.be\/shop\/produit\/bougie-yoku-nuit-etoiles\/\"]}]},{\"@type\":\"ImageObject\",\"inLanguage\":\"fr-FR\",\"@id\":\"https:\/\/www.poplineboutique.be\/shop\/produit\/bougie-yoku-nuit-etoiles\/#primaryimage\",\"url\":\"https:\/\/www.poplineboutique.be\/shop\/wp-content\/uploads\/2024\/07\/Bougie-Yoku-Nuit-sous-les-etoiles.jpg?wsr\",\"contentUrl\":\"https:\/\/www.poplineboutique.be\/shop\/wp-content\/uploads\/2024\/07\/Bougie-Yoku-Nuit-sous-les-etoiles.jpg?wsr\",\"width\":1000,\"height\":1000,\"caption\":\"Bougie Yoku Nuit sous les etoiles\"},{\"@type\":\"BreadcrumbList\",\"@id\":\"https:\/\/www.poplineboutique.be\/shop\/produit\/bougie-yoku-nuit-etoiles\/#breadcrumb\",\"itemListElement\":[{\"@type\":\"ListItem\",\"position\":1,\"name\":\"Accueil\",\"item\":\"https:\/\/www.poplineboutique.be\/shop\/\"},{\"@type\":\"ListItem\",\"position\":2,\"name\":\"Boutique\",\"item\":\"https:\/\/www.poplineboutique.be\/shop\/boutique\/\"},{\"@type\":\"ListItem\",\"position\":3,\"name\":\"Bougie parfum\u00e9e Yoku \u00ab\u00a0Nuit sous les \u00e9toiles\u00a0\u00bb\"}]},{\"@type\":\"WebSite\",\"@id\":\"https:\/\/www.poplineboutique.be\/shop\/#website\",\"url\":\"https:\/\/www.poplineboutique.be\/shop\/\",\"name\":\"Pop&#039;line\",\"description\":\"Boutique de produits naturels et \u00e9co-responsables\",\"publisher\":{\"@id\":\"https:\/\/www.poplineboutique.be\/shop\/#organization\"},\"potentialAction\":[{\"@type\":\"SearchAction\",\"target\":{\"@type\":\"EntryPoint\",\"urlTemplate\":\"https:\/\/www.poplineboutique.be\/shop\/?s={search_term_string}\"},\"query-input\":{\"@type\":\"PropertyValueSpecification\",\"valueRequired\":true,\"valueName\":\"search_term_string\"}}],\"inLanguage\":\"fr-FR\"},{\"@type\":\"Organization\",\"@id\":\"https:\/\/www.poplineboutique.be\/shop\/#organization\",\"name\":\"POP'LINE\",\"url\":\"https:\/\/www.poplineboutique.be\/shop\/\",\"logo\":{\"@type\":\"ImageObject\",\"inLanguage\":\"fr-FR\",\"@id\":\"https:\/\/www.poplineboutique.be\/shop\/#\/schema\/logo\/image\/\",\"url\":\"https:\/\/www.poplineboutique.be\/shop\/wp-content\/uploads\/2021\/08\/Popline_NaturalShop.png?wsr\",\"contentUrl\":\"https:\/\/www.poplineboutique.be\/shop\/wp-content\/uploads\/2021\/08\/Popline_NaturalShop.png?wsr\",\"width\":1080,\"height\":924,\"caption\":\"POP'LINE\"},\"image\":{\"@id\":\"https:\/\/www.poplineboutique.be\/shop\/#\/schema\/logo\/image\/\"},\"sameAs\":[\"https:\/\/www.facebook.com\/boutiquepopline\/\",\"https:\/\/instagram.com\/boutiquepopline\",\"https:\/\/www.pinterest.com\/boutiquepopline\"]}]}<\/script>\n<!-- \/ Yoast SEO plugin. -->","yoast_head_json":{"title":"Bougie parfum\u00e9e Yoku \"Nuit sous les \u00e9toiles\" - Pop&#039;line","robots":{"index":"index","follow":"follow","max-snippet":"max-snippet:-1","max-image-preview":"max-image-preview:large","max-video-preview":"max-video-preview:-1"},"canonical":"https:\/\/www.poplineboutique.be\/shop\/produit\/bougie-yoku-nuit-etoiles\/","og_locale":"fr_FR","og_type":"article","og_title":"Bougie parfum\u00e9e Yoku \"Nuit sous les \u00e9toiles\" - Pop&#039;line","og_description":"Les bougies parfum\u00e9es Yoku sont fabriqu\u00e9es \u00e0 la main, en Belgique. Les ingr\u00e9dients utilis\u00e9s pr\u00e9servent votre sant\u00e9 et sont respectueux de l'environnement.  \"Nuit sous les \u00e9toiles\" offre une exp\u00e9rience olfactive unique gr\u00e2ce \u00e0 ses notes soigneusement s\u00e9lectionn\u00e9es qui \u00e9voquent une nuit paisible sous un ciel \u00e9toil\u00e9.","og_url":"https:\/\/www.poplineboutique.be\/shop\/produit\/bougie-yoku-nuit-etoiles\/","og_site_name":"Pop&#039;line","article_publisher":"https:\/\/www.facebook.com\/boutiquepopline\/","article_modified_time":"2026-04-01T14:48:17+00:00","og_image":[{"width":1000,"height":1000,"url":"https:\/\/www.poplineboutique.be\/shop\/wp-content\/uploads\/2024\/07\/Bougie-Yoku-Nuit-sous-les-etoiles.jpg?wsr","type":"image\/jpeg"}],"twitter_card":"summary_large_image","twitter_misc":{"Dur\u00e9e de lecture estim\u00e9e":"1 minute"},"schema":{"@context":"https:\/\/schema.org","@graph":[{"@type":"WebPage","@id":"https:\/\/www.poplineboutique.be\/shop\/produit\/bougie-yoku-nuit-etoiles\/","url":"https:\/\/www.poplineboutique.be\/shop\/produit\/bougie-yoku-nuit-etoiles\/","name":"Bougie parfum\u00e9e Yoku \"Nuit sous les \u00e9toiles\" - Pop&#039;line","isPartOf":{"@id":"https:\/\/www.poplineboutique.be\/shop\/#website"},"primaryImageOfPage":{"@id":"https:\/\/www.poplineboutique.be\/shop\/produit\/bougie-yoku-nuit-etoiles\/#primaryimage"},"image":{"@id":"https:\/\/www.poplineboutique.be\/shop\/produit\/bougie-yoku-nuit-etoiles\/#primaryimage"},"thumbnailUrl":"https:\/\/www.poplineboutique.be\/shop\/wp-content\/uploads\/2024\/07\/Bougie-Yoku-Nuit-sous-les-etoiles.jpg?wsr","datePublished":"2024-07-27T14:11:22+00:00","dateModified":"2026-04-01T14:48:17+00:00","breadcrumb":{"@id":"https:\/\/www.poplineboutique.be\/shop\/produit\/bougie-yoku-nuit-etoiles\/#breadcrumb"},"inLanguage":"fr-FR","potentialAction":[{"@type":"ReadAction","target":["https:\/\/www.poplineboutique.be\/shop\/produit\/bougie-yoku-nuit-etoiles\/"]}]},{"@type":"ImageObject","inLanguage":"fr-FR","@id":"https:\/\/www.poplineboutique.be\/shop\/produit\/bougie-yoku-nuit-etoiles\/#primaryimage","url":"https:\/\/www.poplineboutique.be\/shop\/wp-content\/uploads\/2024\/07\/Bougie-Yoku-Nuit-sous-les-etoiles.jpg?wsr","contentUrl":"https:\/\/www.poplineboutique.be\/shop\/wp-content\/uploads\/2024\/07\/Bougie-Yoku-Nuit-sous-les-etoiles.jpg?wsr","width":1000,"height":1000,"caption":"Bougie Yoku Nuit sous les etoiles"},{"@type":"BreadcrumbList","@id":"https:\/\/www.poplineboutique.be\/shop\/produit\/bougie-yoku-nuit-etoiles\/#breadcrumb","itemListElement":[{"@type":"ListItem","position":1,"name":"Accueil","item":"https:\/\/www.poplineboutique.be\/shop\/"},{"@type":"ListItem","position":2,"name":"Boutique","item":"https:\/\/www.poplineboutique.be\/shop\/boutique\/"},{"@type":"ListItem","position":3,"name":"Bougie parfum\u00e9e Yoku \u00ab\u00a0Nuit sous les \u00e9toiles\u00a0\u00bb"}]},{"@type":"WebSite","@id":"https:\/\/www.poplineboutique.be\/shop\/#website","url":"https:\/\/www.poplineboutique.be\/shop\/","name":"Pop&#039;line","description":"Boutique de produits naturels et \u00e9co-responsables","publisher":{"@id":"https:\/\/www.poplineboutique.be\/shop\/#organization"},"potentialAction":[{"@type":"SearchAction","target":{"@type":"EntryPoint","urlTemplate":"https:\/\/www.poplineboutique.be\/shop\/?s={search_term_string}"},"query-input":{"@type":"PropertyValueSpecification","valueRequired":true,"valueName":"search_term_string"}}],"inLanguage":"fr-FR"},{"@type":"Organization","@id":"https:\/\/www.poplineboutique.be\/shop\/#organization","name":"POP'LINE","url":"https:\/\/www.poplineboutique.be\/shop\/","logo":{"@type":"ImageObject","inLanguage":"fr-FR","@id":"https:\/\/www.poplineboutique.be\/shop\/#\/schema\/logo\/image\/","url":"https:\/\/www.poplineboutique.be\/shop\/wp-content\/uploads\/2021\/08\/Popline_NaturalShop.png?wsr","contentUrl":"https:\/\/www.poplineboutique.be\/shop\/wp-content\/uploads\/2021\/08\/Popline_NaturalShop.png?wsr","width":1080,"height":924,"caption":"POP'LINE"},"image":{"@id":"https:\/\/www.poplineboutique.be\/shop\/#\/schema\/logo\/image\/"},"sameAs":["https:\/\/www.facebook.com\/boutiquepopline\/","https:\/\/instagram.com\/boutiquepopline","https:\/\/www.pinterest.com\/boutiquepopline"]}]}},"jetpack_sharing_enabled":true,"brands":[{"id":813,"name":"Yoku","slug":"yoku"}],"_links":{"self":[{"href":"https:\/\/www.poplineboutique.be\/shop\/wp-json\/wp\/v2\/product\/19768"}],"collection":[{"href":"https:\/\/www.poplineboutique.be\/shop\/wp-json\/wp\/v2\/product"}],"about":[{"href":"https:\/\/www.poplineboutique.be\/shop\/wp-json\/wp\/v2\/types\/product"}],"version-history":[{"count":1,"href":"https:\/\/www.poplineboutique.be\/shop\/wp-json\/wp\/v2\/product\/19768\/revisions"}],"predecessor-version":[{"id":19771,"href":"https:\/\/www.poplineboutique.be\/shop\/wp-json\/wp\/v2\/product\/19768\/revisions\/19771"}],"wp:featuredmedia":[{"embeddable":true,"href":"https:\/\/www.poplineboutique.be\/shop\/wp-json\/wp\/v2\/media\/19738"}],"wp:attachment":[{"href":"https:\/\/www.poplineboutique.be\/shop\/wp-json\/wp\/v2\/media?parent=19768"}],"wp:term":[{"taxonomy":"pwb-brand","embeddable":true,"href":"https:\/\/www.poplineboutique.be\/shop\/wp-json\/wp\/v2\/pwb-brand?post=19768"},{"taxonomy":"product_brand","embeddable":true,"href":"https:\/\/www.poplineboutique.be\/shop\/wp-json\/wp\/v2\/product_brand?post=19768"},{"taxonomy":"product_cat","embeddable":true,"href":"https:\/\/www.poplineboutique.be\/shop\/wp-json\/wp\/v2\/product_cat?post=19768"},{"taxonomy":"product_tag","embeddable":true,"href":"https:\/\/www.poplineboutique.be\/shop\/wp-json\/wp\/v2\/product_tag?post=19768"}],"curies":[{"name":"wp","href":"https:\/\/api.w.org\/{rel}","templated":true}]}}