{"id":22083,"date":"2026-04-18T10:40:37","date_gmt":"2026-04-18T08:40:37","guid":{"rendered":"https:\/\/www.poplineboutique.be\/shop\/?post_type=product&#038;p=22083"},"modified":"2026-04-18T10:42:13","modified_gmt":"2026-04-18T08:42:13","slug":"carte-anniversaire-cadeau","status":"publish","type":"product","link":"https:\/\/www.poplineboutique.be\/shop\/produit\/carte-anniversaire-cadeau\/","title":{"rendered":"Carte anniversaire &#8211; Envol de cadeau"},"content":{"rendered":"<ul>\n<li>Format ferm\u00e9 : 10,5 x 14,8 cm (A6)<\/li>\n<li>Format ouvert : 14,8 x 21 cm (A5)<\/li>\n<li>Fourni avec une enveloppe kraft, fabriqu\u00e9e en France<\/li>\n<li>Imprim\u00e9e sur papier 300g\/m\u00b2 en relief avec un l\u00e9ger martelage, certifi\u00e9 FSC<\/li>\n<li>Finition : mate, haute qualit\u00e9 d&rsquo;impression<\/li>\n<li>Fabrication fran\u00e7aise<\/li>\n<\/ul>\n","protected":false},"excerpt":{"rendered":"<p>Carte de v\u0153ux A6 fabriqu\u00e9e en France, parfaite pour envoyer un mot doux \u00e0 ceux que vous aimez.<\/p>\n","protected":false},"featured_media":22078,"template":"","meta":{"_monsterinsights_skip_tracking":false,"_monsterinsights_sitenote_active":false,"_monsterinsights_sitenote_note":"","_monsterinsights_sitenote_category":0},"pwb-brand":[821],"product_brand":[],"product_cat":[352],"product_tag":[753],"class_list":{"0":"post-22083","1":"product","2":"type-product","3":"status-publish","4":"has-post-thumbnail","6":"pwb-brand-maison-joliette","7":"product_cat-papeterie","8":"product_tag-idee-cadeau","10":"first","11":"instock","12":"taxable","13":"shipping-taxable","14":"purchasable","15":"product-type-simple"},"yoast_head":"<!-- This site is optimized with the Yoast SEO plugin v25.6 - https:\/\/yoast.com\/wordpress\/plugins\/seo\/ -->\n<title>Carte anniversaire - Envol de cadeau - Pop&#039;line<\/title>\n<meta name=\"robots\" content=\"index, follow, max-snippet:-1, max-image-preview:large, max-video-preview:-1\" \/>\n<link rel=\"canonical\" href=\"https:\/\/www.poplineboutique.be\/shop\/produit\/carte-anniversaire-cadeau\/\" \/>\n<meta property=\"og:locale\" content=\"fr_FR\" \/>\n<meta property=\"og:type\" content=\"article\" \/>\n<meta property=\"og:title\" content=\"Carte anniversaire - Envol de cadeau - Pop&#039;line\" \/>\n<meta property=\"og:description\" content=\"Carte de v\u0153ux A6 fabriqu\u00e9e en France, parfaite pour envoyer un mot doux \u00e0 ceux que vous aimez.\" \/>\n<meta property=\"og:url\" content=\"https:\/\/www.poplineboutique.be\/shop\/produit\/carte-anniversaire-cadeau\/\" \/>\n<meta property=\"og:site_name\" content=\"Pop&#039;line\" \/>\n<meta property=\"article:publisher\" content=\"https:\/\/www.facebook.com\/boutiquepopline\/\" \/>\n<meta property=\"article:modified_time\" content=\"2026-04-18T08:42:13+00:00\" \/>\n<meta property=\"og:image\" content=\"https:\/\/www.poplineboutique.be\/shop\/wp-content\/uploads\/2026\/04\/Carte-anniversaire-ballons.webp?wsr\" \/>\n\t<meta property=\"og:image:width\" content=\"1024\" \/>\n\t<meta property=\"og:image:height\" content=\"1024\" \/>\n\t<meta property=\"og:image:type\" content=\"image\/webp\" \/>\n<meta name=\"twitter:card\" content=\"summary_large_image\" \/>\n<meta name=\"twitter:label1\" content=\"Dur\u00e9e de lecture estim\u00e9e\" \/>\n\t<meta name=\"twitter:data1\" content=\"1 minute\" \/>\n<script type=\"application\/ld+json\" class=\"yoast-schema-graph\">{\"@context\":\"https:\/\/schema.org\",\"@graph\":[{\"@type\":\"WebPage\",\"@id\":\"https:\/\/www.poplineboutique.be\/shop\/produit\/carte-anniversaire-cadeau\/\",\"url\":\"https:\/\/www.poplineboutique.be\/shop\/produit\/carte-anniversaire-cadeau\/\",\"name\":\"Carte anniversaire - Envol de cadeau - Pop&#039;line\",\"isPartOf\":{\"@id\":\"https:\/\/www.poplineboutique.be\/shop\/#website\"},\"primaryImageOfPage\":{\"@id\":\"https:\/\/www.poplineboutique.be\/shop\/produit\/carte-anniversaire-cadeau\/#primaryimage\"},\"image\":{\"@id\":\"https:\/\/www.poplineboutique.be\/shop\/produit\/carte-anniversaire-cadeau\/#primaryimage\"},\"thumbnailUrl\":\"https:\/\/www.poplineboutique.be\/shop\/wp-content\/uploads\/2026\/04\/Carte-anniversaire-ballons.webp?wsr\",\"datePublished\":\"2026-04-18T08:40:37+00:00\",\"dateModified\":\"2026-04-18T08:42:13+00:00\",\"breadcrumb\":{\"@id\":\"https:\/\/www.poplineboutique.be\/shop\/produit\/carte-anniversaire-cadeau\/#breadcrumb\"},\"inLanguage\":\"fr-FR\",\"potentialAction\":[{\"@type\":\"ReadAction\",\"target\":[\"https:\/\/www.poplineboutique.be\/shop\/produit\/carte-anniversaire-cadeau\/\"]}]},{\"@type\":\"ImageObject\",\"inLanguage\":\"fr-FR\",\"@id\":\"https:\/\/www.poplineboutique.be\/shop\/produit\/carte-anniversaire-cadeau\/#primaryimage\",\"url\":\"https:\/\/www.poplineboutique.be\/shop\/wp-content\/uploads\/2026\/04\/Carte-anniversaire-ballons.webp?wsr\",\"contentUrl\":\"https:\/\/www.poplineboutique.be\/shop\/wp-content\/uploads\/2026\/04\/Carte-anniversaire-ballons.webp?wsr\",\"width\":1024,\"height\":1024},{\"@type\":\"BreadcrumbList\",\"@id\":\"https:\/\/www.poplineboutique.be\/shop\/produit\/carte-anniversaire-cadeau\/#breadcrumb\",\"itemListElement\":[{\"@type\":\"ListItem\",\"position\":1,\"name\":\"Accueil\",\"item\":\"https:\/\/www.poplineboutique.be\/shop\/\"},{\"@type\":\"ListItem\",\"position\":2,\"name\":\"Boutique\",\"item\":\"https:\/\/www.poplineboutique.be\/shop\/boutique\/\"},{\"@type\":\"ListItem\",\"position\":3,\"name\":\"Carte anniversaire &#8211; Envol de cadeau\"}]},{\"@type\":\"WebSite\",\"@id\":\"https:\/\/www.poplineboutique.be\/shop\/#website\",\"url\":\"https:\/\/www.poplineboutique.be\/shop\/\",\"name\":\"Pop&#039;line\",\"description\":\"Boutique de produits naturels et \u00e9co-responsables\",\"publisher\":{\"@id\":\"https:\/\/www.poplineboutique.be\/shop\/#organization\"},\"potentialAction\":[{\"@type\":\"SearchAction\",\"target\":{\"@type\":\"EntryPoint\",\"urlTemplate\":\"https:\/\/www.poplineboutique.be\/shop\/?s={search_term_string}\"},\"query-input\":{\"@type\":\"PropertyValueSpecification\",\"valueRequired\":true,\"valueName\":\"search_term_string\"}}],\"inLanguage\":\"fr-FR\"},{\"@type\":\"Organization\",\"@id\":\"https:\/\/www.poplineboutique.be\/shop\/#organization\",\"name\":\"POP'LINE\",\"url\":\"https:\/\/www.poplineboutique.be\/shop\/\",\"logo\":{\"@type\":\"ImageObject\",\"inLanguage\":\"fr-FR\",\"@id\":\"https:\/\/www.poplineboutique.be\/shop\/#\/schema\/logo\/image\/\",\"url\":\"https:\/\/www.poplineboutique.be\/shop\/wp-content\/uploads\/2021\/08\/Popline_NaturalShop.png?wsr\",\"contentUrl\":\"https:\/\/www.poplineboutique.be\/shop\/wp-content\/uploads\/2021\/08\/Popline_NaturalShop.png?wsr\",\"width\":1080,\"height\":924,\"caption\":\"POP'LINE\"},\"image\":{\"@id\":\"https:\/\/www.poplineboutique.be\/shop\/#\/schema\/logo\/image\/\"},\"sameAs\":[\"https:\/\/www.facebook.com\/boutiquepopline\/\",\"https:\/\/instagram.com\/boutiquepopline\",\"https:\/\/www.pinterest.com\/boutiquepopline\"]}]}<\/script>\n<!-- \/ Yoast SEO plugin. -->","yoast_head_json":{"title":"Carte anniversaire - Envol de cadeau - Pop&#039;line","robots":{"index":"index","follow":"follow","max-snippet":"max-snippet:-1","max-image-preview":"max-image-preview:large","max-video-preview":"max-video-preview:-1"},"canonical":"https:\/\/www.poplineboutique.be\/shop\/produit\/carte-anniversaire-cadeau\/","og_locale":"fr_FR","og_type":"article","og_title":"Carte anniversaire - Envol de cadeau - Pop&#039;line","og_description":"Carte de v\u0153ux A6 fabriqu\u00e9e en France, parfaite pour envoyer un mot doux \u00e0 ceux que vous aimez.","og_url":"https:\/\/www.poplineboutique.be\/shop\/produit\/carte-anniversaire-cadeau\/","og_site_name":"Pop&#039;line","article_publisher":"https:\/\/www.facebook.com\/boutiquepopline\/","article_modified_time":"2026-04-18T08:42:13+00:00","og_image":[{"width":1024,"height":1024,"url":"https:\/\/www.poplineboutique.be\/shop\/wp-content\/uploads\/2026\/04\/Carte-anniversaire-ballons.webp?wsr","type":"image\/webp"}],"twitter_card":"summary_large_image","twitter_misc":{"Dur\u00e9e de lecture estim\u00e9e":"1 minute"},"schema":{"@context":"https:\/\/schema.org","@graph":[{"@type":"WebPage","@id":"https:\/\/www.poplineboutique.be\/shop\/produit\/carte-anniversaire-cadeau\/","url":"https:\/\/www.poplineboutique.be\/shop\/produit\/carte-anniversaire-cadeau\/","name":"Carte anniversaire - Envol de cadeau - Pop&#039;line","isPartOf":{"@id":"https:\/\/www.poplineboutique.be\/shop\/#website"},"primaryImageOfPage":{"@id":"https:\/\/www.poplineboutique.be\/shop\/produit\/carte-anniversaire-cadeau\/#primaryimage"},"image":{"@id":"https:\/\/www.poplineboutique.be\/shop\/produit\/carte-anniversaire-cadeau\/#primaryimage"},"thumbnailUrl":"https:\/\/www.poplineboutique.be\/shop\/wp-content\/uploads\/2026\/04\/Carte-anniversaire-ballons.webp?wsr","datePublished":"2026-04-18T08:40:37+00:00","dateModified":"2026-04-18T08:42:13+00:00","breadcrumb":{"@id":"https:\/\/www.poplineboutique.be\/shop\/produit\/carte-anniversaire-cadeau\/#breadcrumb"},"inLanguage":"fr-FR","potentialAction":[{"@type":"ReadAction","target":["https:\/\/www.poplineboutique.be\/shop\/produit\/carte-anniversaire-cadeau\/"]}]},{"@type":"ImageObject","inLanguage":"fr-FR","@id":"https:\/\/www.poplineboutique.be\/shop\/produit\/carte-anniversaire-cadeau\/#primaryimage","url":"https:\/\/www.poplineboutique.be\/shop\/wp-content\/uploads\/2026\/04\/Carte-anniversaire-ballons.webp?wsr","contentUrl":"https:\/\/www.poplineboutique.be\/shop\/wp-content\/uploads\/2026\/04\/Carte-anniversaire-ballons.webp?wsr","width":1024,"height":1024},{"@type":"BreadcrumbList","@id":"https:\/\/www.poplineboutique.be\/shop\/produit\/carte-anniversaire-cadeau\/#breadcrumb","itemListElement":[{"@type":"ListItem","position":1,"name":"Accueil","item":"https:\/\/www.poplineboutique.be\/shop\/"},{"@type":"ListItem","position":2,"name":"Boutique","item":"https:\/\/www.poplineboutique.be\/shop\/boutique\/"},{"@type":"ListItem","position":3,"name":"Carte anniversaire &#8211; Envol de cadeau"}]},{"@type":"WebSite","@id":"https:\/\/www.poplineboutique.be\/shop\/#website","url":"https:\/\/www.poplineboutique.be\/shop\/","name":"Pop&#039;line","description":"Boutique de produits naturels et \u00e9co-responsables","publisher":{"@id":"https:\/\/www.poplineboutique.be\/shop\/#organization"},"potentialAction":[{"@type":"SearchAction","target":{"@type":"EntryPoint","urlTemplate":"https:\/\/www.poplineboutique.be\/shop\/?s={search_term_string}"},"query-input":{"@type":"PropertyValueSpecification","valueRequired":true,"valueName":"search_term_string"}}],"inLanguage":"fr-FR"},{"@type":"Organization","@id":"https:\/\/www.poplineboutique.be\/shop\/#organization","name":"POP'LINE","url":"https:\/\/www.poplineboutique.be\/shop\/","logo":{"@type":"ImageObject","inLanguage":"fr-FR","@id":"https:\/\/www.poplineboutique.be\/shop\/#\/schema\/logo\/image\/","url":"https:\/\/www.poplineboutique.be\/shop\/wp-content\/uploads\/2021\/08\/Popline_NaturalShop.png?wsr","contentUrl":"https:\/\/www.poplineboutique.be\/shop\/wp-content\/uploads\/2021\/08\/Popline_NaturalShop.png?wsr","width":1080,"height":924,"caption":"POP'LINE"},"image":{"@id":"https:\/\/www.poplineboutique.be\/shop\/#\/schema\/logo\/image\/"},"sameAs":["https:\/\/www.facebook.com\/boutiquepopline\/","https:\/\/instagram.com\/boutiquepopline","https:\/\/www.pinterest.com\/boutiquepopline"]}]}},"jetpack_sharing_enabled":true,"brands":[{"id":821,"name":"Maison Joliette","slug":"maison-joliette"}],"_links":{"self":[{"href":"https:\/\/www.poplineboutique.be\/shop\/wp-json\/wp\/v2\/product\/22083"}],"collection":[{"href":"https:\/\/www.poplineboutique.be\/shop\/wp-json\/wp\/v2\/product"}],"about":[{"href":"https:\/\/www.poplineboutique.be\/shop\/wp-json\/wp\/v2\/types\/product"}],"version-history":[{"count":1,"href":"https:\/\/www.poplineboutique.be\/shop\/wp-json\/wp\/v2\/product\/22083\/revisions"}],"predecessor-version":[{"id":22084,"href":"https:\/\/www.poplineboutique.be\/shop\/wp-json\/wp\/v2\/product\/22083\/revisions\/22084"}],"wp:featuredmedia":[{"embeddable":true,"href":"https:\/\/www.poplineboutique.be\/shop\/wp-json\/wp\/v2\/media\/22078"}],"wp:attachment":[{"href":"https:\/\/www.poplineboutique.be\/shop\/wp-json\/wp\/v2\/media?parent=22083"}],"wp:term":[{"taxonomy":"pwb-brand","embeddable":true,"href":"https:\/\/www.poplineboutique.be\/shop\/wp-json\/wp\/v2\/pwb-brand?post=22083"},{"taxonomy":"product_brand","embeddable":true,"href":"https:\/\/www.poplineboutique.be\/shop\/wp-json\/wp\/v2\/product_brand?post=22083"},{"taxonomy":"product_cat","embeddable":true,"href":"https:\/\/www.poplineboutique.be\/shop\/wp-json\/wp\/v2\/product_cat?post=22083"},{"taxonomy":"product_tag","embeddable":true,"href":"https:\/\/www.poplineboutique.be\/shop\/wp-json\/wp\/v2\/product_tag?post=22083"}],"curies":[{"name":"wp","href":"https:\/\/api.w.org\/{rel}","templated":true}]}}