{"id":22117,"date":"2026-04-18T17:15:13","date_gmt":"2026-04-18T15:15:13","guid":{"rendered":"https:\/\/www.poplineboutique.be\/shop\/?post_type=product&#038;p=22117"},"modified":"2026-04-18T17:31:05","modified_gmt":"2026-04-18T15:31:05","slug":"chillys-kids-apple","status":"publish","type":"product","link":"https:\/\/www.poplineboutique.be\/shop\/produit\/chillys-kids-apple\/","title":{"rendered":"Gourde Chilly&rsquo;s Enfant Apple"},"content":{"rendered":"<ul>\n<li>Contenance : 350ml<\/li>\n<li>Avec paille et goupillon de nettoyage<\/li>\n<li>Isotherme chaud jusqu\u2019\u00e0 12h<\/li>\n<li>Isotherme froid jusqu\u2019\u00e0 24h<\/li>\n<li>Herm\u00e9tique et sans condensation<\/li>\n<li>Acier inoxydable 304 sans transfert de saveur<\/li>\n<li>Sans BPA, sans phtalates, sans toxines<\/li>\n<\/ul>\n<p>&nbsp;<\/p>\n","protected":false},"excerpt":{"rendered":"<p>Color\u00e9es, pratiques et ludiques, les gourdes Chilly&rsquo;s pour enfants rendent l&rsquo;hydratation simple et durable. L\u00e9g\u00e8res, r\u00e9sistantes et parfaitement adapt\u00e9es aux petites mains, elles sont id\u00e9ales pour l&rsquo;\u00e9cole, la r\u00e9cr\u00e9ation et les sorties.<\/p>\n","protected":false},"featured_media":22119,"template":"","meta":{"_monsterinsights_skip_tracking":false,"_monsterinsights_sitenote_active":false,"_monsterinsights_sitenote_note":"","_monsterinsights_sitenote_category":0},"pwb-brand":[707],"product_brand":[],"product_cat":[384],"product_tag":[768],"class_list":{"0":"post-22117","1":"product","2":"type-product","3":"status-publish","4":"has-post-thumbnail","6":"pwb-brand-chillys","7":"product_cat-gourdes","8":"product_tag-340ml","10":"first","11":"instock","12":"taxable","13":"shipping-taxable","14":"purchasable","15":"product-type-simple"},"yoast_head":"<!-- This site is optimized with the Yoast SEO plugin v25.6 - https:\/\/yoast.com\/wordpress\/plugins\/seo\/ -->\n<title>Gourde Chilly&#039;s Enfant Apple - Pop&#039;line<\/title>\n<meta name=\"robots\" content=\"index, follow, max-snippet:-1, max-image-preview:large, max-video-preview:-1\" \/>\n<link rel=\"canonical\" href=\"https:\/\/www.poplineboutique.be\/shop\/produit\/chillys-kids-apple\/\" \/>\n<meta property=\"og:locale\" content=\"fr_FR\" \/>\n<meta property=\"og:type\" content=\"article\" \/>\n<meta property=\"og:title\" content=\"Gourde Chilly&#039;s Enfant Apple - Pop&#039;line\" \/>\n<meta property=\"og:description\" content=\"Color\u00e9es, pratiques et ludiques, les gourdes Chilly&#039;s pour enfants rendent l&#039;hydratation simple et durable. L\u00e9g\u00e8res, r\u00e9sistantes et parfaitement adapt\u00e9es aux petites mains, elles sont id\u00e9ales pour l&#039;\u00e9cole, la r\u00e9cr\u00e9ation et les sorties.\" \/>\n<meta property=\"og:url\" content=\"https:\/\/www.poplineboutique.be\/shop\/produit\/chillys-kids-apple\/\" \/>\n<meta property=\"og:site_name\" content=\"Pop&#039;line\" \/>\n<meta property=\"article:publisher\" content=\"https:\/\/www.facebook.com\/boutiquepopline\/\" \/>\n<meta property=\"article:modified_time\" content=\"2026-04-18T15:31:05+00:00\" \/>\n<meta property=\"og:image\" content=\"https:\/\/www.poplineboutique.be\/shop\/wp-content\/uploads\/2026\/04\/Chillys-Kids-Apple.webp?wsr\" \/>\n\t<meta property=\"og:image:width\" content=\"1000\" \/>\n\t<meta property=\"og:image:height\" content=\"1000\" \/>\n\t<meta property=\"og:image:type\" content=\"image\/webp\" \/>\n<meta name=\"twitter:card\" content=\"summary_large_image\" \/>\n<meta name=\"twitter:label1\" content=\"Dur\u00e9e de lecture estim\u00e9e\" \/>\n\t<meta name=\"twitter:data1\" content=\"1 minute\" \/>\n<script type=\"application\/ld+json\" class=\"yoast-schema-graph\">{\"@context\":\"https:\/\/schema.org\",\"@graph\":[{\"@type\":\"WebPage\",\"@id\":\"https:\/\/www.poplineboutique.be\/shop\/produit\/chillys-kids-apple\/\",\"url\":\"https:\/\/www.poplineboutique.be\/shop\/produit\/chillys-kids-apple\/\",\"name\":\"Gourde Chilly's Enfant Apple - Pop&#039;line\",\"isPartOf\":{\"@id\":\"https:\/\/www.poplineboutique.be\/shop\/#website\"},\"primaryImageOfPage\":{\"@id\":\"https:\/\/www.poplineboutique.be\/shop\/produit\/chillys-kids-apple\/#primaryimage\"},\"image\":{\"@id\":\"https:\/\/www.poplineboutique.be\/shop\/produit\/chillys-kids-apple\/#primaryimage\"},\"thumbnailUrl\":\"https:\/\/www.poplineboutique.be\/shop\/wp-content\/uploads\/2026\/04\/Chillys-Kids-Apple.webp?wsr\",\"datePublished\":\"2026-04-18T15:15:13+00:00\",\"dateModified\":\"2026-04-18T15:31:05+00:00\",\"breadcrumb\":{\"@id\":\"https:\/\/www.poplineboutique.be\/shop\/produit\/chillys-kids-apple\/#breadcrumb\"},\"inLanguage\":\"fr-FR\",\"potentialAction\":[{\"@type\":\"ReadAction\",\"target\":[\"https:\/\/www.poplineboutique.be\/shop\/produit\/chillys-kids-apple\/\"]}]},{\"@type\":\"ImageObject\",\"inLanguage\":\"fr-FR\",\"@id\":\"https:\/\/www.poplineboutique.be\/shop\/produit\/chillys-kids-apple\/#primaryimage\",\"url\":\"https:\/\/www.poplineboutique.be\/shop\/wp-content\/uploads\/2026\/04\/Chillys-Kids-Apple.webp?wsr\",\"contentUrl\":\"https:\/\/www.poplineboutique.be\/shop\/wp-content\/uploads\/2026\/04\/Chillys-Kids-Apple.webp?wsr\",\"width\":1000,\"height\":1000},{\"@type\":\"BreadcrumbList\",\"@id\":\"https:\/\/www.poplineboutique.be\/shop\/produit\/chillys-kids-apple\/#breadcrumb\",\"itemListElement\":[{\"@type\":\"ListItem\",\"position\":1,\"name\":\"Accueil\",\"item\":\"https:\/\/www.poplineboutique.be\/shop\/\"},{\"@type\":\"ListItem\",\"position\":2,\"name\":\"Boutique\",\"item\":\"https:\/\/www.poplineboutique.be\/shop\/boutique\/\"},{\"@type\":\"ListItem\",\"position\":3,\"name\":\"Gourde Chilly&rsquo;s Enfant Apple\"}]},{\"@type\":\"WebSite\",\"@id\":\"https:\/\/www.poplineboutique.be\/shop\/#website\",\"url\":\"https:\/\/www.poplineboutique.be\/shop\/\",\"name\":\"Pop&#039;line\",\"description\":\"Boutique de produits naturels et \u00e9co-responsables\",\"publisher\":{\"@id\":\"https:\/\/www.poplineboutique.be\/shop\/#organization\"},\"potentialAction\":[{\"@type\":\"SearchAction\",\"target\":{\"@type\":\"EntryPoint\",\"urlTemplate\":\"https:\/\/www.poplineboutique.be\/shop\/?s={search_term_string}\"},\"query-input\":{\"@type\":\"PropertyValueSpecification\",\"valueRequired\":true,\"valueName\":\"search_term_string\"}}],\"inLanguage\":\"fr-FR\"},{\"@type\":\"Organization\",\"@id\":\"https:\/\/www.poplineboutique.be\/shop\/#organization\",\"name\":\"POP'LINE\",\"url\":\"https:\/\/www.poplineboutique.be\/shop\/\",\"logo\":{\"@type\":\"ImageObject\",\"inLanguage\":\"fr-FR\",\"@id\":\"https:\/\/www.poplineboutique.be\/shop\/#\/schema\/logo\/image\/\",\"url\":\"https:\/\/www.poplineboutique.be\/shop\/wp-content\/uploads\/2021\/08\/Popline_NaturalShop.png?wsr\",\"contentUrl\":\"https:\/\/www.poplineboutique.be\/shop\/wp-content\/uploads\/2021\/08\/Popline_NaturalShop.png?wsr\",\"width\":1080,\"height\":924,\"caption\":\"POP'LINE\"},\"image\":{\"@id\":\"https:\/\/www.poplineboutique.be\/shop\/#\/schema\/logo\/image\/\"},\"sameAs\":[\"https:\/\/www.facebook.com\/boutiquepopline\/\",\"https:\/\/instagram.com\/boutiquepopline\",\"https:\/\/www.pinterest.com\/boutiquepopline\"]}]}<\/script>\n<!-- \/ Yoast SEO plugin. -->","yoast_head_json":{"title":"Gourde Chilly's Enfant Apple - Pop&#039;line","robots":{"index":"index","follow":"follow","max-snippet":"max-snippet:-1","max-image-preview":"max-image-preview:large","max-video-preview":"max-video-preview:-1"},"canonical":"https:\/\/www.poplineboutique.be\/shop\/produit\/chillys-kids-apple\/","og_locale":"fr_FR","og_type":"article","og_title":"Gourde Chilly's Enfant Apple - Pop&#039;line","og_description":"Color\u00e9es, pratiques et ludiques, les gourdes Chilly's pour enfants rendent l'hydratation simple et durable. L\u00e9g\u00e8res, r\u00e9sistantes et parfaitement adapt\u00e9es aux petites mains, elles sont id\u00e9ales pour l'\u00e9cole, la r\u00e9cr\u00e9ation et les sorties.","og_url":"https:\/\/www.poplineboutique.be\/shop\/produit\/chillys-kids-apple\/","og_site_name":"Pop&#039;line","article_publisher":"https:\/\/www.facebook.com\/boutiquepopline\/","article_modified_time":"2026-04-18T15:31:05+00:00","og_image":[{"width":1000,"height":1000,"url":"https:\/\/www.poplineboutique.be\/shop\/wp-content\/uploads\/2026\/04\/Chillys-Kids-Apple.webp?wsr","type":"image\/webp"}],"twitter_card":"summary_large_image","twitter_misc":{"Dur\u00e9e de lecture estim\u00e9e":"1 minute"},"schema":{"@context":"https:\/\/schema.org","@graph":[{"@type":"WebPage","@id":"https:\/\/www.poplineboutique.be\/shop\/produit\/chillys-kids-apple\/","url":"https:\/\/www.poplineboutique.be\/shop\/produit\/chillys-kids-apple\/","name":"Gourde Chilly's Enfant Apple - Pop&#039;line","isPartOf":{"@id":"https:\/\/www.poplineboutique.be\/shop\/#website"},"primaryImageOfPage":{"@id":"https:\/\/www.poplineboutique.be\/shop\/produit\/chillys-kids-apple\/#primaryimage"},"image":{"@id":"https:\/\/www.poplineboutique.be\/shop\/produit\/chillys-kids-apple\/#primaryimage"},"thumbnailUrl":"https:\/\/www.poplineboutique.be\/shop\/wp-content\/uploads\/2026\/04\/Chillys-Kids-Apple.webp?wsr","datePublished":"2026-04-18T15:15:13+00:00","dateModified":"2026-04-18T15:31:05+00:00","breadcrumb":{"@id":"https:\/\/www.poplineboutique.be\/shop\/produit\/chillys-kids-apple\/#breadcrumb"},"inLanguage":"fr-FR","potentialAction":[{"@type":"ReadAction","target":["https:\/\/www.poplineboutique.be\/shop\/produit\/chillys-kids-apple\/"]}]},{"@type":"ImageObject","inLanguage":"fr-FR","@id":"https:\/\/www.poplineboutique.be\/shop\/produit\/chillys-kids-apple\/#primaryimage","url":"https:\/\/www.poplineboutique.be\/shop\/wp-content\/uploads\/2026\/04\/Chillys-Kids-Apple.webp?wsr","contentUrl":"https:\/\/www.poplineboutique.be\/shop\/wp-content\/uploads\/2026\/04\/Chillys-Kids-Apple.webp?wsr","width":1000,"height":1000},{"@type":"BreadcrumbList","@id":"https:\/\/www.poplineboutique.be\/shop\/produit\/chillys-kids-apple\/#breadcrumb","itemListElement":[{"@type":"ListItem","position":1,"name":"Accueil","item":"https:\/\/www.poplineboutique.be\/shop\/"},{"@type":"ListItem","position":2,"name":"Boutique","item":"https:\/\/www.poplineboutique.be\/shop\/boutique\/"},{"@type":"ListItem","position":3,"name":"Gourde Chilly&rsquo;s Enfant Apple"}]},{"@type":"WebSite","@id":"https:\/\/www.poplineboutique.be\/shop\/#website","url":"https:\/\/www.poplineboutique.be\/shop\/","name":"Pop&#039;line","description":"Boutique de produits naturels et \u00e9co-responsables","publisher":{"@id":"https:\/\/www.poplineboutique.be\/shop\/#organization"},"potentialAction":[{"@type":"SearchAction","target":{"@type":"EntryPoint","urlTemplate":"https:\/\/www.poplineboutique.be\/shop\/?s={search_term_string}"},"query-input":{"@type":"PropertyValueSpecification","valueRequired":true,"valueName":"search_term_string"}}],"inLanguage":"fr-FR"},{"@type":"Organization","@id":"https:\/\/www.poplineboutique.be\/shop\/#organization","name":"POP'LINE","url":"https:\/\/www.poplineboutique.be\/shop\/","logo":{"@type":"ImageObject","inLanguage":"fr-FR","@id":"https:\/\/www.poplineboutique.be\/shop\/#\/schema\/logo\/image\/","url":"https:\/\/www.poplineboutique.be\/shop\/wp-content\/uploads\/2021\/08\/Popline_NaturalShop.png?wsr","contentUrl":"https:\/\/www.poplineboutique.be\/shop\/wp-content\/uploads\/2021\/08\/Popline_NaturalShop.png?wsr","width":1080,"height":924,"caption":"POP'LINE"},"image":{"@id":"https:\/\/www.poplineboutique.be\/shop\/#\/schema\/logo\/image\/"},"sameAs":["https:\/\/www.facebook.com\/boutiquepopline\/","https:\/\/instagram.com\/boutiquepopline","https:\/\/www.pinterest.com\/boutiquepopline"]}]}},"jetpack_sharing_enabled":true,"brands":[{"id":707,"name":"Chilly\u2019s","slug":"chillys"}],"_links":{"self":[{"href":"https:\/\/www.poplineboutique.be\/shop\/wp-json\/wp\/v2\/product\/22117"}],"collection":[{"href":"https:\/\/www.poplineboutique.be\/shop\/wp-json\/wp\/v2\/product"}],"about":[{"href":"https:\/\/www.poplineboutique.be\/shop\/wp-json\/wp\/v2\/types\/product"}],"version-history":[{"count":3,"href":"https:\/\/www.poplineboutique.be\/shop\/wp-json\/wp\/v2\/product\/22117\/revisions"}],"predecessor-version":[{"id":22122,"href":"https:\/\/www.poplineboutique.be\/shop\/wp-json\/wp\/v2\/product\/22117\/revisions\/22122"}],"wp:featuredmedia":[{"embeddable":true,"href":"https:\/\/www.poplineboutique.be\/shop\/wp-json\/wp\/v2\/media\/22119"}],"wp:attachment":[{"href":"https:\/\/www.poplineboutique.be\/shop\/wp-json\/wp\/v2\/media?parent=22117"}],"wp:term":[{"taxonomy":"pwb-brand","embeddable":true,"href":"https:\/\/www.poplineboutique.be\/shop\/wp-json\/wp\/v2\/pwb-brand?post=22117"},{"taxonomy":"product_brand","embeddable":true,"href":"https:\/\/www.poplineboutique.be\/shop\/wp-json\/wp\/v2\/product_brand?post=22117"},{"taxonomy":"product_cat","embeddable":true,"href":"https:\/\/www.poplineboutique.be\/shop\/wp-json\/wp\/v2\/product_cat?post=22117"},{"taxonomy":"product_tag","embeddable":true,"href":"https:\/\/www.poplineboutique.be\/shop\/wp-json\/wp\/v2\/product_tag?post=22117"}],"curies":[{"name":"wp","href":"https:\/\/api.w.org\/{rel}","templated":true}]}}