{"id":2468,"date":"2020-04-12T12:19:32","date_gmt":"2020-04-12T10:19:32","guid":{"rendered":"https:\/\/www.poplineboutique.be\/shop\/?post_type=product&#038;p=2468"},"modified":"2026-04-01T16:45:17","modified_gmt":"2026-04-01T14:45:17","slug":"carte-a-gratter-veux-tu-etre-ma-demoiselle-dhonneur","status":"publish","type":"product","link":"https:\/\/www.poplineboutique.be\/shop\/produit\/carte-a-gratter-veux-tu-etre-ma-demoiselle-dhonneur\/","title":{"rendered":"Carte \u00e0 gratter \u00ab\u00a0Veux-tu \u00eatre ma demoiselle d&rsquo;honneur ?\u00a0\u00bb"},"content":{"rendered":"","protected":false},"excerpt":{"rendered":"<p>Carte \u00e0 gratter demande de t\u00e9moin \u00ab\u00a0Veux-tu \u00eatre ma demoiselle d&rsquo;honneur ?\u00a0\u00bb<br data-v-58da62db=\"\" \/><br data-v-58da62db=\"\" \/>Imprim\u00e9e sur un papier \u00e9pais de 340 grammes et livr\u00e9e avec son enveloppe dor\u00e9e.<br data-v-58da62db=\"\" \/>Le dos de la carte est imprim\u00e9 avec un motif confettis et permet d&rsquo;\u00e9crire un message.<\/p>\n","protected":false},"featured_media":16224,"template":"","meta":{"_monsterinsights_skip_tracking":false,"_monsterinsights_sitenote_active":false,"_monsterinsights_sitenote_note":"","_monsterinsights_sitenote_category":0},"pwb-brand":[722],"product_brand":[],"product_cat":[352],"product_tag":[],"class_list":{"0":"post-2468","1":"product","2":"type-product","3":"status-publish","4":"has-post-thumbnail","6":"pwb-brand-pamelaloops","7":"product_cat-papeterie","9":"first","10":"instock","11":"taxable","12":"shipping-taxable","13":"purchasable","14":"product-type-simple"},"yoast_head":"<!-- This site is optimized with the Yoast SEO plugin v25.6 - https:\/\/yoast.com\/wordpress\/plugins\/seo\/ -->\n<title>Carte \u00e0 gratter &quot;Veux-tu \u00eatre ma demoiselle d&#039;honneur ?&quot; - Pop&#039;line<\/title>\n<meta name=\"robots\" content=\"index, follow, max-snippet:-1, max-image-preview:large, max-video-preview:-1\" \/>\n<link rel=\"canonical\" href=\"https:\/\/www.poplineboutique.be\/shop\/produit\/carte-a-gratter-veux-tu-etre-ma-demoiselle-dhonneur\/\" \/>\n<meta property=\"og:locale\" content=\"fr_FR\" \/>\n<meta property=\"og:type\" content=\"article\" \/>\n<meta property=\"og:title\" content=\"Carte \u00e0 gratter &quot;Veux-tu \u00eatre ma demoiselle d&#039;honneur ?&quot; - Pop&#039;line\" \/>\n<meta property=\"og:description\" content=\"Carte \u00e0 gratter demande de t\u00e9moin &quot;Veux-tu \u00eatre ma demoiselle d&#039;honneur ?&quot;Imprim\u00e9e sur un papier \u00e9pais de 340 grammes et livr\u00e9e avec son enveloppe dor\u00e9e.Le dos de la carte est imprim\u00e9 avec un motif confettis et permet d&#039;\u00e9crire un message.\" \/>\n<meta property=\"og:url\" content=\"https:\/\/www.poplineboutique.be\/shop\/produit\/carte-a-gratter-veux-tu-etre-ma-demoiselle-dhonneur\/\" \/>\n<meta property=\"og:site_name\" content=\"Pop&#039;line\" \/>\n<meta property=\"article:publisher\" content=\"https:\/\/www.facebook.com\/boutiquepopline\/\" \/>\n<meta property=\"article:modified_time\" content=\"2026-04-01T14:45:17+00:00\" \/>\n<meta property=\"og:image\" content=\"https:\/\/www.poplineboutique.be\/shop\/wp-content\/uploads\/2020\/04\/Carte-a-gratter-Demande-Demoiselle-dhonneur.jpg\" \/>\n\t<meta property=\"og:image:width\" content=\"1000\" \/>\n\t<meta property=\"og:image:height\" content=\"1000\" \/>\n\t<meta property=\"og:image:type\" content=\"image\/jpeg\" \/>\n<meta name=\"twitter:card\" content=\"summary_large_image\" \/>\n<script type=\"application\/ld+json\" class=\"yoast-schema-graph\">{\"@context\":\"https:\/\/schema.org\",\"@graph\":[{\"@type\":\"WebPage\",\"@id\":\"https:\/\/www.poplineboutique.be\/shop\/produit\/carte-a-gratter-veux-tu-etre-ma-demoiselle-dhonneur\/\",\"url\":\"https:\/\/www.poplineboutique.be\/shop\/produit\/carte-a-gratter-veux-tu-etre-ma-demoiselle-dhonneur\/\",\"name\":\"Carte \u00e0 gratter \\\"Veux-tu \u00eatre ma demoiselle d'honneur ?\\\" - Pop&#039;line\",\"isPartOf\":{\"@id\":\"https:\/\/www.poplineboutique.be\/shop\/#website\"},\"primaryImageOfPage\":{\"@id\":\"https:\/\/www.poplineboutique.be\/shop\/produit\/carte-a-gratter-veux-tu-etre-ma-demoiselle-dhonneur\/#primaryimage\"},\"image\":{\"@id\":\"https:\/\/www.poplineboutique.be\/shop\/produit\/carte-a-gratter-veux-tu-etre-ma-demoiselle-dhonneur\/#primaryimage\"},\"thumbnailUrl\":\"https:\/\/www.poplineboutique.be\/shop\/wp-content\/uploads\/2020\/04\/Carte-a-gratter-Demande-Demoiselle-dhonneur.jpg?wsr\",\"datePublished\":\"2020-04-12T10:19:32+00:00\",\"dateModified\":\"2026-04-01T14:45:17+00:00\",\"breadcrumb\":{\"@id\":\"https:\/\/www.poplineboutique.be\/shop\/produit\/carte-a-gratter-veux-tu-etre-ma-demoiselle-dhonneur\/#breadcrumb\"},\"inLanguage\":\"fr-FR\",\"potentialAction\":[{\"@type\":\"ReadAction\",\"target\":[\"https:\/\/www.poplineboutique.be\/shop\/produit\/carte-a-gratter-veux-tu-etre-ma-demoiselle-dhonneur\/\"]}]},{\"@type\":\"ImageObject\",\"inLanguage\":\"fr-FR\",\"@id\":\"https:\/\/www.poplineboutique.be\/shop\/produit\/carte-a-gratter-veux-tu-etre-ma-demoiselle-dhonneur\/#primaryimage\",\"url\":\"https:\/\/www.poplineboutique.be\/shop\/wp-content\/uploads\/2020\/04\/Carte-a-gratter-Demande-Demoiselle-dhonneur.jpg?wsr\",\"contentUrl\":\"https:\/\/www.poplineboutique.be\/shop\/wp-content\/uploads\/2020\/04\/Carte-a-gratter-Demande-Demoiselle-dhonneur.jpg?wsr\",\"width\":1000,\"height\":1000},{\"@type\":\"BreadcrumbList\",\"@id\":\"https:\/\/www.poplineboutique.be\/shop\/produit\/carte-a-gratter-veux-tu-etre-ma-demoiselle-dhonneur\/#breadcrumb\",\"itemListElement\":[{\"@type\":\"ListItem\",\"position\":1,\"name\":\"Accueil\",\"item\":\"https:\/\/www.poplineboutique.be\/shop\/\"},{\"@type\":\"ListItem\",\"position\":2,\"name\":\"Boutique\",\"item\":\"https:\/\/www.poplineboutique.be\/shop\/boutique\/\"},{\"@type\":\"ListItem\",\"position\":3,\"name\":\"Carte \u00e0 gratter \u00ab\u00a0Veux-tu \u00eatre ma demoiselle d&rsquo;honneur ?\u00a0\u00bb\"}]},{\"@type\":\"WebSite\",\"@id\":\"https:\/\/www.poplineboutique.be\/shop\/#website\",\"url\":\"https:\/\/www.poplineboutique.be\/shop\/\",\"name\":\"Pop&#039;line\",\"description\":\"Boutique de produits naturels et \u00e9co-responsables\",\"publisher\":{\"@id\":\"https:\/\/www.poplineboutique.be\/shop\/#organization\"},\"potentialAction\":[{\"@type\":\"SearchAction\",\"target\":{\"@type\":\"EntryPoint\",\"urlTemplate\":\"https:\/\/www.poplineboutique.be\/shop\/?s={search_term_string}\"},\"query-input\":{\"@type\":\"PropertyValueSpecification\",\"valueRequired\":true,\"valueName\":\"search_term_string\"}}],\"inLanguage\":\"fr-FR\"},{\"@type\":\"Organization\",\"@id\":\"https:\/\/www.poplineboutique.be\/shop\/#organization\",\"name\":\"POP'LINE\",\"url\":\"https:\/\/www.poplineboutique.be\/shop\/\",\"logo\":{\"@type\":\"ImageObject\",\"inLanguage\":\"fr-FR\",\"@id\":\"https:\/\/www.poplineboutique.be\/shop\/#\/schema\/logo\/image\/\",\"url\":\"https:\/\/www.poplineboutique.be\/shop\/wp-content\/uploads\/2021\/08\/Popline_NaturalShop.png?wsr\",\"contentUrl\":\"https:\/\/www.poplineboutique.be\/shop\/wp-content\/uploads\/2021\/08\/Popline_NaturalShop.png?wsr\",\"width\":1080,\"height\":924,\"caption\":\"POP'LINE\"},\"image\":{\"@id\":\"https:\/\/www.poplineboutique.be\/shop\/#\/schema\/logo\/image\/\"},\"sameAs\":[\"https:\/\/www.facebook.com\/boutiquepopline\/\",\"https:\/\/instagram.com\/boutiquepopline\",\"https:\/\/www.pinterest.com\/boutiquepopline\"]}]}<\/script>\n<!-- \/ Yoast SEO plugin. -->","yoast_head_json":{"title":"Carte \u00e0 gratter \"Veux-tu \u00eatre ma demoiselle d'honneur ?\" - Pop&#039;line","robots":{"index":"index","follow":"follow","max-snippet":"max-snippet:-1","max-image-preview":"max-image-preview:large","max-video-preview":"max-video-preview:-1"},"canonical":"https:\/\/www.poplineboutique.be\/shop\/produit\/carte-a-gratter-veux-tu-etre-ma-demoiselle-dhonneur\/","og_locale":"fr_FR","og_type":"article","og_title":"Carte \u00e0 gratter \"Veux-tu \u00eatre ma demoiselle d'honneur ?\" - Pop&#039;line","og_description":"Carte \u00e0 gratter demande de t\u00e9moin \"Veux-tu \u00eatre ma demoiselle d'honneur ?\"Imprim\u00e9e sur un papier \u00e9pais de 340 grammes et livr\u00e9e avec son enveloppe dor\u00e9e.Le dos de la carte est imprim\u00e9 avec un motif confettis et permet d'\u00e9crire un message.","og_url":"https:\/\/www.poplineboutique.be\/shop\/produit\/carte-a-gratter-veux-tu-etre-ma-demoiselle-dhonneur\/","og_site_name":"Pop&#039;line","article_publisher":"https:\/\/www.facebook.com\/boutiquepopline\/","article_modified_time":"2026-04-01T14:45:17+00:00","og_image":[{"width":1000,"height":1000,"url":"https:\/\/www.poplineboutique.be\/shop\/wp-content\/uploads\/2020\/04\/Carte-a-gratter-Demande-Demoiselle-dhonneur.jpg","type":"image\/jpeg"}],"twitter_card":"summary_large_image","schema":{"@context":"https:\/\/schema.org","@graph":[{"@type":"WebPage","@id":"https:\/\/www.poplineboutique.be\/shop\/produit\/carte-a-gratter-veux-tu-etre-ma-demoiselle-dhonneur\/","url":"https:\/\/www.poplineboutique.be\/shop\/produit\/carte-a-gratter-veux-tu-etre-ma-demoiselle-dhonneur\/","name":"Carte \u00e0 gratter \"Veux-tu \u00eatre ma demoiselle d'honneur ?\" - Pop&#039;line","isPartOf":{"@id":"https:\/\/www.poplineboutique.be\/shop\/#website"},"primaryImageOfPage":{"@id":"https:\/\/www.poplineboutique.be\/shop\/produit\/carte-a-gratter-veux-tu-etre-ma-demoiselle-dhonneur\/#primaryimage"},"image":{"@id":"https:\/\/www.poplineboutique.be\/shop\/produit\/carte-a-gratter-veux-tu-etre-ma-demoiselle-dhonneur\/#primaryimage"},"thumbnailUrl":"https:\/\/www.poplineboutique.be\/shop\/wp-content\/uploads\/2020\/04\/Carte-a-gratter-Demande-Demoiselle-dhonneur.jpg?wsr","datePublished":"2020-04-12T10:19:32+00:00","dateModified":"2026-04-01T14:45:17+00:00","breadcrumb":{"@id":"https:\/\/www.poplineboutique.be\/shop\/produit\/carte-a-gratter-veux-tu-etre-ma-demoiselle-dhonneur\/#breadcrumb"},"inLanguage":"fr-FR","potentialAction":[{"@type":"ReadAction","target":["https:\/\/www.poplineboutique.be\/shop\/produit\/carte-a-gratter-veux-tu-etre-ma-demoiselle-dhonneur\/"]}]},{"@type":"ImageObject","inLanguage":"fr-FR","@id":"https:\/\/www.poplineboutique.be\/shop\/produit\/carte-a-gratter-veux-tu-etre-ma-demoiselle-dhonneur\/#primaryimage","url":"https:\/\/www.poplineboutique.be\/shop\/wp-content\/uploads\/2020\/04\/Carte-a-gratter-Demande-Demoiselle-dhonneur.jpg?wsr","contentUrl":"https:\/\/www.poplineboutique.be\/shop\/wp-content\/uploads\/2020\/04\/Carte-a-gratter-Demande-Demoiselle-dhonneur.jpg?wsr","width":1000,"height":1000},{"@type":"BreadcrumbList","@id":"https:\/\/www.poplineboutique.be\/shop\/produit\/carte-a-gratter-veux-tu-etre-ma-demoiselle-dhonneur\/#breadcrumb","itemListElement":[{"@type":"ListItem","position":1,"name":"Accueil","item":"https:\/\/www.poplineboutique.be\/shop\/"},{"@type":"ListItem","position":2,"name":"Boutique","item":"https:\/\/www.poplineboutique.be\/shop\/boutique\/"},{"@type":"ListItem","position":3,"name":"Carte \u00e0 gratter \u00ab\u00a0Veux-tu \u00eatre ma demoiselle d&rsquo;honneur ?\u00a0\u00bb"}]},{"@type":"WebSite","@id":"https:\/\/www.poplineboutique.be\/shop\/#website","url":"https:\/\/www.poplineboutique.be\/shop\/","name":"Pop&#039;line","description":"Boutique de produits naturels et \u00e9co-responsables","publisher":{"@id":"https:\/\/www.poplineboutique.be\/shop\/#organization"},"potentialAction":[{"@type":"SearchAction","target":{"@type":"EntryPoint","urlTemplate":"https:\/\/www.poplineboutique.be\/shop\/?s={search_term_string}"},"query-input":{"@type":"PropertyValueSpecification","valueRequired":true,"valueName":"search_term_string"}}],"inLanguage":"fr-FR"},{"@type":"Organization","@id":"https:\/\/www.poplineboutique.be\/shop\/#organization","name":"POP'LINE","url":"https:\/\/www.poplineboutique.be\/shop\/","logo":{"@type":"ImageObject","inLanguage":"fr-FR","@id":"https:\/\/www.poplineboutique.be\/shop\/#\/schema\/logo\/image\/","url":"https:\/\/www.poplineboutique.be\/shop\/wp-content\/uploads\/2021\/08\/Popline_NaturalShop.png?wsr","contentUrl":"https:\/\/www.poplineboutique.be\/shop\/wp-content\/uploads\/2021\/08\/Popline_NaturalShop.png?wsr","width":1080,"height":924,"caption":"POP'LINE"},"image":{"@id":"https:\/\/www.poplineboutique.be\/shop\/#\/schema\/logo\/image\/"},"sameAs":["https:\/\/www.facebook.com\/boutiquepopline\/","https:\/\/instagram.com\/boutiquepopline","https:\/\/www.pinterest.com\/boutiquepopline"]}]}},"jetpack_sharing_enabled":true,"brands":[{"id":722,"name":"Pamela Loops","slug":"pamelaloops"}],"_links":{"self":[{"href":"https:\/\/www.poplineboutique.be\/shop\/wp-json\/wp\/v2\/product\/2468"}],"collection":[{"href":"https:\/\/www.poplineboutique.be\/shop\/wp-json\/wp\/v2\/product"}],"about":[{"href":"https:\/\/www.poplineboutique.be\/shop\/wp-json\/wp\/v2\/types\/product"}],"version-history":[{"count":1,"href":"https:\/\/www.poplineboutique.be\/shop\/wp-json\/wp\/v2\/product\/2468\/revisions"}],"predecessor-version":[{"id":2474,"href":"https:\/\/www.poplineboutique.be\/shop\/wp-json\/wp\/v2\/product\/2468\/revisions\/2474"}],"wp:featuredmedia":[{"embeddable":true,"href":"https:\/\/www.poplineboutique.be\/shop\/wp-json\/wp\/v2\/media\/16224"}],"wp:attachment":[{"href":"https:\/\/www.poplineboutique.be\/shop\/wp-json\/wp\/v2\/media?parent=2468"}],"wp:term":[{"taxonomy":"pwb-brand","embeddable":true,"href":"https:\/\/www.poplineboutique.be\/shop\/wp-json\/wp\/v2\/pwb-brand?post=2468"},{"taxonomy":"product_brand","embeddable":true,"href":"https:\/\/www.poplineboutique.be\/shop\/wp-json\/wp\/v2\/product_brand?post=2468"},{"taxonomy":"product_cat","embeddable":true,"href":"https:\/\/www.poplineboutique.be\/shop\/wp-json\/wp\/v2\/product_cat?post=2468"},{"taxonomy":"product_tag","embeddable":true,"href":"https:\/\/www.poplineboutique.be\/shop\/wp-json\/wp\/v2\/product_tag?post=2468"}],"curies":[{"name":"wp","href":"https:\/\/api.w.org\/{rel}","templated":true}]}}