{"id":9247,"date":"2022-10-12T15:45:12","date_gmt":"2022-10-12T13:45:12","guid":{"rendered":"https:\/\/www.poplineboutique.be\/shop\/?post_type=product&#038;p=9247"},"modified":"2026-04-16T12:48:02","modified_gmt":"2026-04-16T10:48:02","slug":"culotte-menstruelle-smoon","status":"publish","type":"product","link":"https:\/\/www.poplineboutique.be\/shop\/produit\/culotte-menstruelle-smoon\/","title":{"rendered":"Culotte menstruelle Smoon &#8211; Flux Moyen S\u00e9l\u00e9n\u00e9"},"content":{"rendered":"<ul>\n<li>Flux moyen : Jusqu&rsquo;\u00e0 12h de protection<\/li>\n<li>Performante et confortable<\/li>\n<li>Sans coutures<\/li>\n<li>Certifi\u00e9es OEKO TEX<\/li>\n<li>Sans produit chimique, sans nanoparticule d\u2019argent<\/li>\n<li>Ecologique et \u00e9conomique<\/li>\n<\/ul>\n","protected":false},"excerpt":{"rendered":"<p>S\u00e9l\u00e9n\u00e9 est la culotte menstruelle\u00a0<strong>performante<\/strong>\u00a0et\u00a0<strong>hyper confortable<\/strong>\u00a0id\u00e9ale pour les flux moyens. Mod\u00e8le phare de la gamme Smoon, elle offre jusqu&rsquo;\u00e0\u00a0<strong>12H de protection<\/strong>, soit l&rsquo;\u00e9quivalent de\u00a0<strong>2 tampons classiques<\/strong>, sans odeur ni sensation d&rsquo;humidit\u00e9. Sa technologie sans couture en fait une culotte menstruelle\u00a0<strong>invisible<\/strong>\u00a0sous les v\u00eatements, vous offrant ainsi un\u00a0<strong>confort in\u00e9galable<\/strong>\u00a0qui vous fera oublier vos r\u00e8gles.<\/p>\n","protected":false},"featured_media":16072,"template":"","meta":{"_monsterinsights_skip_tracking":false,"_monsterinsights_sitenote_active":false,"_monsterinsights_sitenote_note":"","_monsterinsights_sitenote_category":0},"pwb-brand":[724],"product_brand":[],"product_cat":[365],"product_tag":[],"class_list":{"0":"post-9247","1":"product","2":"type-product","3":"status-publish","4":"has-post-thumbnail","6":"pwb-brand-smoon","7":"product_cat-hygiene","8":"pa_taille-xs","9":"pa_taille-s","10":"pa_taille-m","11":"pa_taille-l","12":"pa_taille-xl","13":"pa_taille-xxl","15":"first","16":"instock","17":"featured","18":"taxable","19":"shipping-taxable","20":"purchasable","21":"product-type-variable"},"yoast_head":"<!-- This site is optimized with the Yoast SEO plugin v25.6 - https:\/\/yoast.com\/wordpress\/plugins\/seo\/ -->\n<title>Culotte menstruelle Smoon - Flux Moyen S\u00e9l\u00e9n\u00e9 - Pop&#039;line<\/title>\n<meta name=\"robots\" content=\"index, follow, max-snippet:-1, max-image-preview:large, max-video-preview:-1\" \/>\n<link rel=\"canonical\" href=\"https:\/\/www.poplineboutique.be\/shop\/produit\/culotte-menstruelle-smoon\/\" \/>\n<meta property=\"og:locale\" content=\"fr_FR\" \/>\n<meta property=\"og:type\" content=\"article\" \/>\n<meta property=\"og:title\" content=\"Culotte menstruelle Smoon - Flux Moyen S\u00e9l\u00e9n\u00e9 - Pop&#039;line\" \/>\n<meta property=\"og:description\" content=\"S\u00e9l\u00e9n\u00e9 est la culotte menstruelle\u00a0performante\u00a0et\u00a0hyper confortable\u00a0id\u00e9ale pour les flux moyens. Mod\u00e8le phare de la gamme Smoon, elle offre jusqu&#039;\u00e0\u00a012H de protection, soit l&#039;\u00e9quivalent de\u00a02 tampons classiques, sans odeur ni sensation d&#039;humidit\u00e9. Sa technologie sans couture en fait une culotte menstruelle\u00a0invisible\u00a0sous les v\u00eatements, vous offrant ainsi un\u00a0confort in\u00e9galable\u00a0qui vous fera oublier vos r\u00e8gles.\" \/>\n<meta property=\"og:url\" content=\"https:\/\/www.poplineboutique.be\/shop\/produit\/culotte-menstruelle-smoon\/\" \/>\n<meta property=\"og:site_name\" content=\"Pop&#039;line\" \/>\n<meta property=\"article:publisher\" content=\"https:\/\/www.facebook.com\/boutiquepopline\/\" \/>\n<meta property=\"article:modified_time\" content=\"2026-04-16T10:48:02+00:00\" \/>\n<meta property=\"og:image\" content=\"https:\/\/www.poplineboutique.be\/shop\/wp-content\/uploads\/2020\/12\/Smoon-Culotte-Femme-Selene-packshot.jpg?wsr\" \/>\n\t<meta property=\"og:image:width\" content=\"1000\" \/>\n\t<meta property=\"og:image:height\" content=\"1000\" \/>\n\t<meta property=\"og:image:type\" content=\"image\/jpeg\" \/>\n<meta name=\"twitter:card\" content=\"summary_large_image\" \/>\n<meta name=\"twitter:label1\" content=\"Dur\u00e9e de lecture estim\u00e9e\" \/>\n\t<meta name=\"twitter:data1\" content=\"1 minute\" \/>\n<script type=\"application\/ld+json\" class=\"yoast-schema-graph\">{\"@context\":\"https:\/\/schema.org\",\"@graph\":[{\"@type\":\"WebPage\",\"@id\":\"https:\/\/www.poplineboutique.be\/shop\/produit\/culotte-menstruelle-smoon\/\",\"url\":\"https:\/\/www.poplineboutique.be\/shop\/produit\/culotte-menstruelle-smoon\/\",\"name\":\"Culotte menstruelle Smoon - Flux Moyen S\u00e9l\u00e9n\u00e9 - Pop&#039;line\",\"isPartOf\":{\"@id\":\"https:\/\/www.poplineboutique.be\/shop\/#website\"},\"primaryImageOfPage\":{\"@id\":\"https:\/\/www.poplineboutique.be\/shop\/produit\/culotte-menstruelle-smoon\/#primaryimage\"},\"image\":{\"@id\":\"https:\/\/www.poplineboutique.be\/shop\/produit\/culotte-menstruelle-smoon\/#primaryimage\"},\"thumbnailUrl\":\"https:\/\/www.poplineboutique.be\/shop\/wp-content\/uploads\/2020\/12\/Smoon-Culotte-Femme-Selene-packshot.jpg?wsr\",\"datePublished\":\"2022-10-12T13:45:12+00:00\",\"dateModified\":\"2026-04-16T10:48:02+00:00\",\"breadcrumb\":{\"@id\":\"https:\/\/www.poplineboutique.be\/shop\/produit\/culotte-menstruelle-smoon\/#breadcrumb\"},\"inLanguage\":\"fr-FR\",\"potentialAction\":[{\"@type\":\"ReadAction\",\"target\":[\"https:\/\/www.poplineboutique.be\/shop\/produit\/culotte-menstruelle-smoon\/\"]}]},{\"@type\":\"ImageObject\",\"inLanguage\":\"fr-FR\",\"@id\":\"https:\/\/www.poplineboutique.be\/shop\/produit\/culotte-menstruelle-smoon\/#primaryimage\",\"url\":\"https:\/\/www.poplineboutique.be\/shop\/wp-content\/uploads\/2020\/12\/Smoon-Culotte-Femme-Selene-packshot.jpg?wsr\",\"contentUrl\":\"https:\/\/www.poplineboutique.be\/shop\/wp-content\/uploads\/2020\/12\/Smoon-Culotte-Femme-Selene-packshot.jpg?wsr\",\"width\":1000,\"height\":1000},{\"@type\":\"BreadcrumbList\",\"@id\":\"https:\/\/www.poplineboutique.be\/shop\/produit\/culotte-menstruelle-smoon\/#breadcrumb\",\"itemListElement\":[{\"@type\":\"ListItem\",\"position\":1,\"name\":\"Accueil\",\"item\":\"https:\/\/www.poplineboutique.be\/shop\/\"},{\"@type\":\"ListItem\",\"position\":2,\"name\":\"Boutique\",\"item\":\"https:\/\/www.poplineboutique.be\/shop\/boutique\/\"},{\"@type\":\"ListItem\",\"position\":3,\"name\":\"Culotte menstruelle Smoon &#8211; Flux Moyen S\u00e9l\u00e9n\u00e9\"}]},{\"@type\":\"WebSite\",\"@id\":\"https:\/\/www.poplineboutique.be\/shop\/#website\",\"url\":\"https:\/\/www.poplineboutique.be\/shop\/\",\"name\":\"Pop&#039;line\",\"description\":\"Boutique de produits naturels et \u00e9co-responsables\",\"publisher\":{\"@id\":\"https:\/\/www.poplineboutique.be\/shop\/#organization\"},\"potentialAction\":[{\"@type\":\"SearchAction\",\"target\":{\"@type\":\"EntryPoint\",\"urlTemplate\":\"https:\/\/www.poplineboutique.be\/shop\/?s={search_term_string}\"},\"query-input\":{\"@type\":\"PropertyValueSpecification\",\"valueRequired\":true,\"valueName\":\"search_term_string\"}}],\"inLanguage\":\"fr-FR\"},{\"@type\":\"Organization\",\"@id\":\"https:\/\/www.poplineboutique.be\/shop\/#organization\",\"name\":\"POP'LINE\",\"url\":\"https:\/\/www.poplineboutique.be\/shop\/\",\"logo\":{\"@type\":\"ImageObject\",\"inLanguage\":\"fr-FR\",\"@id\":\"https:\/\/www.poplineboutique.be\/shop\/#\/schema\/logo\/image\/\",\"url\":\"https:\/\/www.poplineboutique.be\/shop\/wp-content\/uploads\/2021\/08\/Popline_NaturalShop.png?wsr\",\"contentUrl\":\"https:\/\/www.poplineboutique.be\/shop\/wp-content\/uploads\/2021\/08\/Popline_NaturalShop.png?wsr\",\"width\":1080,\"height\":924,\"caption\":\"POP'LINE\"},\"image\":{\"@id\":\"https:\/\/www.poplineboutique.be\/shop\/#\/schema\/logo\/image\/\"},\"sameAs\":[\"https:\/\/www.facebook.com\/boutiquepopline\/\",\"https:\/\/instagram.com\/boutiquepopline\",\"https:\/\/www.pinterest.com\/boutiquepopline\"]}]}<\/script>\n<!-- \/ Yoast SEO plugin. -->","yoast_head_json":{"title":"Culotte menstruelle Smoon - Flux Moyen S\u00e9l\u00e9n\u00e9 - Pop&#039;line","robots":{"index":"index","follow":"follow","max-snippet":"max-snippet:-1","max-image-preview":"max-image-preview:large","max-video-preview":"max-video-preview:-1"},"canonical":"https:\/\/www.poplineboutique.be\/shop\/produit\/culotte-menstruelle-smoon\/","og_locale":"fr_FR","og_type":"article","og_title":"Culotte menstruelle Smoon - Flux Moyen S\u00e9l\u00e9n\u00e9 - Pop&#039;line","og_description":"S\u00e9l\u00e9n\u00e9 est la culotte menstruelle\u00a0performante\u00a0et\u00a0hyper confortable\u00a0id\u00e9ale pour les flux moyens. Mod\u00e8le phare de la gamme Smoon, elle offre jusqu'\u00e0\u00a012H de protection, soit l'\u00e9quivalent de\u00a02 tampons classiques, sans odeur ni sensation d'humidit\u00e9. Sa technologie sans couture en fait une culotte menstruelle\u00a0invisible\u00a0sous les v\u00eatements, vous offrant ainsi un\u00a0confort in\u00e9galable\u00a0qui vous fera oublier vos r\u00e8gles.","og_url":"https:\/\/www.poplineboutique.be\/shop\/produit\/culotte-menstruelle-smoon\/","og_site_name":"Pop&#039;line","article_publisher":"https:\/\/www.facebook.com\/boutiquepopline\/","article_modified_time":"2026-04-16T10:48:02+00:00","og_image":[{"width":1000,"height":1000,"url":"https:\/\/www.poplineboutique.be\/shop\/wp-content\/uploads\/2020\/12\/Smoon-Culotte-Femme-Selene-packshot.jpg?wsr","type":"image\/jpeg"}],"twitter_card":"summary_large_image","twitter_misc":{"Dur\u00e9e de lecture estim\u00e9e":"1 minute"},"schema":{"@context":"https:\/\/schema.org","@graph":[{"@type":"WebPage","@id":"https:\/\/www.poplineboutique.be\/shop\/produit\/culotte-menstruelle-smoon\/","url":"https:\/\/www.poplineboutique.be\/shop\/produit\/culotte-menstruelle-smoon\/","name":"Culotte menstruelle Smoon - Flux Moyen S\u00e9l\u00e9n\u00e9 - Pop&#039;line","isPartOf":{"@id":"https:\/\/www.poplineboutique.be\/shop\/#website"},"primaryImageOfPage":{"@id":"https:\/\/www.poplineboutique.be\/shop\/produit\/culotte-menstruelle-smoon\/#primaryimage"},"image":{"@id":"https:\/\/www.poplineboutique.be\/shop\/produit\/culotte-menstruelle-smoon\/#primaryimage"},"thumbnailUrl":"https:\/\/www.poplineboutique.be\/shop\/wp-content\/uploads\/2020\/12\/Smoon-Culotte-Femme-Selene-packshot.jpg?wsr","datePublished":"2022-10-12T13:45:12+00:00","dateModified":"2026-04-16T10:48:02+00:00","breadcrumb":{"@id":"https:\/\/www.poplineboutique.be\/shop\/produit\/culotte-menstruelle-smoon\/#breadcrumb"},"inLanguage":"fr-FR","potentialAction":[{"@type":"ReadAction","target":["https:\/\/www.poplineboutique.be\/shop\/produit\/culotte-menstruelle-smoon\/"]}]},{"@type":"ImageObject","inLanguage":"fr-FR","@id":"https:\/\/www.poplineboutique.be\/shop\/produit\/culotte-menstruelle-smoon\/#primaryimage","url":"https:\/\/www.poplineboutique.be\/shop\/wp-content\/uploads\/2020\/12\/Smoon-Culotte-Femme-Selene-packshot.jpg?wsr","contentUrl":"https:\/\/www.poplineboutique.be\/shop\/wp-content\/uploads\/2020\/12\/Smoon-Culotte-Femme-Selene-packshot.jpg?wsr","width":1000,"height":1000},{"@type":"BreadcrumbList","@id":"https:\/\/www.poplineboutique.be\/shop\/produit\/culotte-menstruelle-smoon\/#breadcrumb","itemListElement":[{"@type":"ListItem","position":1,"name":"Accueil","item":"https:\/\/www.poplineboutique.be\/shop\/"},{"@type":"ListItem","position":2,"name":"Boutique","item":"https:\/\/www.poplineboutique.be\/shop\/boutique\/"},{"@type":"ListItem","position":3,"name":"Culotte menstruelle Smoon &#8211; Flux Moyen S\u00e9l\u00e9n\u00e9"}]},{"@type":"WebSite","@id":"https:\/\/www.poplineboutique.be\/shop\/#website","url":"https:\/\/www.poplineboutique.be\/shop\/","name":"Pop&#039;line","description":"Boutique de produits naturels et \u00e9co-responsables","publisher":{"@id":"https:\/\/www.poplineboutique.be\/shop\/#organization"},"potentialAction":[{"@type":"SearchAction","target":{"@type":"EntryPoint","urlTemplate":"https:\/\/www.poplineboutique.be\/shop\/?s={search_term_string}"},"query-input":{"@type":"PropertyValueSpecification","valueRequired":true,"valueName":"search_term_string"}}],"inLanguage":"fr-FR"},{"@type":"Organization","@id":"https:\/\/www.poplineboutique.be\/shop\/#organization","name":"POP'LINE","url":"https:\/\/www.poplineboutique.be\/shop\/","logo":{"@type":"ImageObject","inLanguage":"fr-FR","@id":"https:\/\/www.poplineboutique.be\/shop\/#\/schema\/logo\/image\/","url":"https:\/\/www.poplineboutique.be\/shop\/wp-content\/uploads\/2021\/08\/Popline_NaturalShop.png?wsr","contentUrl":"https:\/\/www.poplineboutique.be\/shop\/wp-content\/uploads\/2021\/08\/Popline_NaturalShop.png?wsr","width":1080,"height":924,"caption":"POP'LINE"},"image":{"@id":"https:\/\/www.poplineboutique.be\/shop\/#\/schema\/logo\/image\/"},"sameAs":["https:\/\/www.facebook.com\/boutiquepopline\/","https:\/\/instagram.com\/boutiquepopline","https:\/\/www.pinterest.com\/boutiquepopline"]}]}},"jetpack_sharing_enabled":true,"brands":[{"id":724,"name":"Smoon","slug":"smoon"}],"_links":{"self":[{"href":"https:\/\/www.poplineboutique.be\/shop\/wp-json\/wp\/v2\/product\/9247"}],"collection":[{"href":"https:\/\/www.poplineboutique.be\/shop\/wp-json\/wp\/v2\/product"}],"about":[{"href":"https:\/\/www.poplineboutique.be\/shop\/wp-json\/wp\/v2\/types\/product"}],"version-history":[{"count":11,"href":"https:\/\/www.poplineboutique.be\/shop\/wp-json\/wp\/v2\/product\/9247\/revisions"}],"predecessor-version":[{"id":15885,"href":"https:\/\/www.poplineboutique.be\/shop\/wp-json\/wp\/v2\/product\/9247\/revisions\/15885"}],"wp:featuredmedia":[{"embeddable":true,"href":"https:\/\/www.poplineboutique.be\/shop\/wp-json\/wp\/v2\/media\/16072"}],"wp:attachment":[{"href":"https:\/\/www.poplineboutique.be\/shop\/wp-json\/wp\/v2\/media?parent=9247"}],"wp:term":[{"taxonomy":"pwb-brand","embeddable":true,"href":"https:\/\/www.poplineboutique.be\/shop\/wp-json\/wp\/v2\/pwb-brand?post=9247"},{"taxonomy":"product_brand","embeddable":true,"href":"https:\/\/www.poplineboutique.be\/shop\/wp-json\/wp\/v2\/product_brand?post=9247"},{"taxonomy":"product_cat","embeddable":true,"href":"https:\/\/www.poplineboutique.be\/shop\/wp-json\/wp\/v2\/product_cat?post=9247"},{"taxonomy":"product_tag","embeddable":true,"href":"https:\/\/www.poplineboutique.be\/shop\/wp-json\/wp\/v2\/product_tag?post=9247"}],"curies":[{"name":"wp","href":"https:\/\/api.w.org\/{rel}","templated":true}]}}